{"id":46056,"date":"2023-12-12T10:50:48","date_gmt":"2023-12-12T09:50:48","guid":{"rendered":"https:\/\/pet-shopping.de\/shop\/produkt\/trixie-kaefig-rein-fuer-vogel-und-kleintierkaefige-500-ml\/"},"modified":"2023-12-12T10:50:48","modified_gmt":"2023-12-12T09:50:48","slug":"trixie-kaefig-rein-fuer-vogel-und-kleintierkaefige-500-ml","status":"publish","type":"product","link":"https:\/\/all-pets.de\/shop\/produkt\/trixie-kaefig-rein-fuer-vogel-und-kleintierkaefige-500-ml\/","title":{"rendered":"Trixie K\u00e4fig-Rein f\u00fcr Vogel- und Kleintierk\u00e4fige &#8211; 500 ml"},"content":{"rendered":"<p>K\u00e4fig-Rein ist eine wirksame Reinigungsl\u00f6sung mit effektiven Wirkstoffen f\u00fcr Vogel- und Kleintierheime. Das enthaltene Zitronen-Aroma sorgt f\u00fcr einen angenehmen Duft.<\/p>\n<p>Das Spray ist ozonfreundlich und bei Anwendung, wie auf der Verpackung beschrieben, ungef\u00e4hrlich f\u00fcr Mensch und Tier.<\/p>\n<p>Inhalt: 500ml<\/p>\n","protected":false},"excerpt":{"rendered":"<p>K\u00e4fig-Rein ist eine wirksame Reinigungsl\u00f6sung mit effektiven Wirkstoffen f\u00fcr Vogel- und Kleintierheime. Das enthaltene Zitronen-Aroma sorgt f\u00fcr einen angenehmen Duft. Das Spray ist ozonfreundlich und bei Anwendung, wie auf der Verpackung beschrieben, ungef\u00e4hrlich f\u00fcr Mensch und Tier. Inhalt: 500ml<\/p>\n","protected":false},"featured_media":26914,"comment_status":"closed","ping_status":"open","template":"","meta":[],"product_cat":[14281],"product_tag":[],"class_list":{"0":"post-46056","1":"product","2":"type-product","3":"status-publish","4":"has-post-thumbnail","6":"product_cat-hygiene-reinigung-hygiene-reinigungvogelwelt","8":"first","9":"instock","10":"taxable","11":"shipping-taxable","12":"purchasable","13":"product-type-simple"},"_links":{"self":[{"href":"https:\/\/all-pets.de\/shop\/wp-json\/wp\/v2\/product\/46056","targetHints":{"allow":["GET"]}}],"collection":[{"href":"https:\/\/all-pets.de\/shop\/wp-json\/wp\/v2\/product"}],"about":[{"href":"https:\/\/all-pets.de\/shop\/wp-json\/wp\/v2\/types\/product"}],"replies":[{"embeddable":true,"href":"https:\/\/all-pets.de\/shop\/wp-json\/wp\/v2\/comments?post=46056"}],"wp:featuredmedia":[{"embeddable":true,"href":"https:\/\/all-pets.de\/shop\/wp-json\/wp\/v2\/media\/26914"}],"wp:attachment":[{"href":"https:\/\/all-pets.de\/shop\/wp-json\/wp\/v2\/media?parent=46056"}],"wp:term":[{"taxonomy":"product_cat","embeddable":true,"href":"https:\/\/all-pets.de\/shop\/wp-json\/wp\/v2\/product_cat?post=46056"},{"taxonomy":"product_tag","embeddable":true,"href":"https:\/\/all-pets.de\/shop\/wp-json\/wp\/v2\/product_tag?post=46056"}],"curies":[{"name":"wp","href":"https:\/\/api.w.org\/{rel}","templated":true}]}}