{"id":46061,"date":"2023-12-12T10:50:48","date_gmt":"2023-12-12T09:50:48","guid":{"rendered":"https:\/\/pet-shopping.de\/shop\/produkt\/trixie-kleintiertraenke-450-ml\/"},"modified":"2023-12-12T10:50:48","modified_gmt":"2023-12-12T09:50:48","slug":"trixie-kleintiertraenke-450-ml","status":"publish","type":"product","link":"https:\/\/all-pets.de\/shop\/produkt\/trixie-kleintiertraenke-450-ml\/","title":{"rendered":"Trixie Kleintiertr\u00e4nke &#8211; 450 ml"},"content":{"rendered":"<p>&#8211; Kunststoff<br \/> &#8211; mit Drahthalter<br \/> &#8211; mit Kugelverschluss<br \/> &#8211; diverse Farben<br \/> &#8211; geeignet f\u00fcr z.B. Chinchillas, Kaninchen<br \/> &#8211; Fassungsverm\u00f6gen: 450ml<\/p>\n<p>Eine Farbwahl ist leider nicht m\u00f6glich, da die Farbe je nach Lagerbestand gew\u00e4hlt.<\/p>\n","protected":false},"excerpt":{"rendered":"<p>&#8211; Kunststoff &#8211; mit Drahthalter &#8211; mit Kugelverschluss &#8211; diverse Farben &#8211; geeignet f\u00fcr z.B. Chinchillas, Kaninchen &#8211; Fassungsverm\u00f6gen: 450ml Eine Farbwahl ist leider nicht m\u00f6glich, da die Farbe je nach Lagerbestand gew\u00e4hlt.<\/p>\n","protected":false},"featured_media":26936,"comment_status":"closed","ping_status":"open","template":"","meta":[],"product_cat":[14055],"product_tag":[],"class_list":{"0":"post-46061","1":"product","2":"type-product","3":"status-publish","4":"has-post-thumbnail","6":"product_cat-kleintiertraenken","8":"first","9":"instock","10":"taxable","11":"shipping-taxable","12":"purchasable","13":"product-type-simple"},"_links":{"self":[{"href":"https:\/\/all-pets.de\/shop\/wp-json\/wp\/v2\/product\/46061","targetHints":{"allow":["GET"]}}],"collection":[{"href":"https:\/\/all-pets.de\/shop\/wp-json\/wp\/v2\/product"}],"about":[{"href":"https:\/\/all-pets.de\/shop\/wp-json\/wp\/v2\/types\/product"}],"replies":[{"embeddable":true,"href":"https:\/\/all-pets.de\/shop\/wp-json\/wp\/v2\/comments?post=46061"}],"wp:featuredmedia":[{"embeddable":true,"href":"https:\/\/all-pets.de\/shop\/wp-json\/wp\/v2\/media\/26936"}],"wp:attachment":[{"href":"https:\/\/all-pets.de\/shop\/wp-json\/wp\/v2\/media?parent=46061"}],"wp:term":[{"taxonomy":"product_cat","embeddable":true,"href":"https:\/\/all-pets.de\/shop\/wp-json\/wp\/v2\/product_cat?post=46061"},{"taxonomy":"product_tag","embeddable":true,"href":"https:\/\/all-pets.de\/shop\/wp-json\/wp\/v2\/product_tag?post=46061"}],"curies":[{"name":"wp","href":"https:\/\/api.w.org\/{rel}","templated":true}]}}