{"id":46065,"date":"2023-12-12T10:50:48","date_gmt":"2023-12-12T09:50:48","guid":{"rendered":"https:\/\/pet-shopping.de\/shop\/produkt\/trixie-keramiknapf-fuer-kleintiere-100-ml\/"},"modified":"2023-12-12T10:50:49","modified_gmt":"2023-12-12T09:50:49","slug":"trixie-keramiknapf-fuer-kleintiere-100-ml","status":"publish","type":"product","link":"https:\/\/all-pets.de\/shop\/produkt\/trixie-keramiknapf-fuer-kleintiere-100-ml\/","title":{"rendered":"Trixie Keramiknapf f\u00fcr Kleintiere &#8211; 100 ml"},"content":{"rendered":"<p>Cremefarbener Keramiknapf mit bunter Innenglasur. Leicht zu reinigen und durch sein relativ hohes Eigengewicht sehr standfest.<\/p>\n<ul>\n<li>Geeignet z.B. f\u00fcr M\u00e4use und Hamster<\/li>\n<li>Fassungsverm\u00f6gen: ca. 100 ml<\/li>\n<li>Durchmesser: ca. 7 cm<\/li>\n<li>Diverse Farben. Eine Farbwahl ist leider nicht m\u00f6glich, da die Farbe je nach Lagerbestand gew\u00e4hlt wird.<\/li>\n<\/ul>\n","protected":false},"excerpt":{"rendered":"<p>Cremefarbener Keramiknapf mit bunter Innenglasur. Leicht zu reinigen und durch sein relativ hohes Eigengewicht sehr standfest. Geeignet z.B. f\u00fcr M\u00e4use und Hamster Fassungsverm\u00f6gen: ca. 100 ml Durchmesser: ca. 7 cm Diverse Farben. Eine Farbwahl ist leider nicht m\u00f6glich, da die Farbe je nach Lagerbestand gew\u00e4hlt wird.<\/p>\n","protected":false},"featured_media":46066,"comment_status":"closed","ping_status":"open","template":"","meta":[],"product_cat":[13764],"product_tag":[],"class_list":{"0":"post-46065","1":"product","2":"type-product","3":"status-publish","4":"has-post-thumbnail","6":"product_cat-kleintiernaepfe","8":"first","9":"instock","10":"taxable","11":"shipping-taxable","12":"purchasable","13":"product-type-simple"},"_links":{"self":[{"href":"https:\/\/all-pets.de\/shop\/wp-json\/wp\/v2\/product\/46065","targetHints":{"allow":["GET"]}}],"collection":[{"href":"https:\/\/all-pets.de\/shop\/wp-json\/wp\/v2\/product"}],"about":[{"href":"https:\/\/all-pets.de\/shop\/wp-json\/wp\/v2\/types\/product"}],"replies":[{"embeddable":true,"href":"https:\/\/all-pets.de\/shop\/wp-json\/wp\/v2\/comments?post=46065"}],"wp:featuredmedia":[{"embeddable":true,"href":"https:\/\/all-pets.de\/shop\/wp-json\/wp\/v2\/media\/46066"}],"wp:attachment":[{"href":"https:\/\/all-pets.de\/shop\/wp-json\/wp\/v2\/media?parent=46065"}],"wp:term":[{"taxonomy":"product_cat","embeddable":true,"href":"https:\/\/all-pets.de\/shop\/wp-json\/wp\/v2\/product_cat?post=46065"},{"taxonomy":"product_tag","embeddable":true,"href":"https:\/\/all-pets.de\/shop\/wp-json\/wp\/v2\/product_tag?post=46065"}],"curies":[{"name":"wp","href":"https:\/\/api.w.org\/{rel}","templated":true}]}}