{"id":46069,"date":"2023-12-12T10:50:48","date_gmt":"2023-12-12T09:50:48","guid":{"rendered":"https:\/\/pet-shopping.de\/shop\/produkt\/trixie-kleintiernapf-125ml\/"},"modified":"2023-12-12T10:50:49","modified_gmt":"2023-12-12T09:50:49","slug":"trixie-kleintiernapf-125ml","status":"publish","type":"product","link":"https:\/\/all-pets.de\/shop\/produkt\/trixie-kleintiernapf-125ml\/","title":{"rendered":"Trixie Kleintiernapf &#8211; 125ml"},"content":{"rendered":"<p>Keramiknapf f\u00fcr Kleinnager, wie Hamster und M\u00e4use. <\/p>\n<p>Der abgerundete Rand verhindert ein Herauswerfen des Futters.<\/p>\n<p>Farbe: terracotta<br \/> Fassungsverm\u00f6gen: ca. 125 ml<br \/> Durchmesser: ca. 9,5 cm<\/p>\n","protected":false},"excerpt":{"rendered":"<p>Keramiknapf f\u00fcr Kleinnager, wie Hamster und M\u00e4use. Der abgerundete Rand verhindert ein Herauswerfen des Futters. Farbe: terracotta Fassungsverm\u00f6gen: ca. 125 ml Durchmesser: ca. 9,5 cm<\/p>\n","protected":false},"featured_media":26966,"comment_status":"closed","ping_status":"open","template":"","meta":[],"product_cat":[13764],"product_tag":[],"class_list":{"0":"post-46069","1":"product","2":"type-product","3":"status-publish","4":"has-post-thumbnail","6":"product_cat-kleintiernaepfe","8":"first","9":"instock","10":"taxable","11":"shipping-taxable","12":"purchasable","13":"product-type-simple"},"_links":{"self":[{"href":"https:\/\/all-pets.de\/shop\/wp-json\/wp\/v2\/product\/46069","targetHints":{"allow":["GET"]}}],"collection":[{"href":"https:\/\/all-pets.de\/shop\/wp-json\/wp\/v2\/product"}],"about":[{"href":"https:\/\/all-pets.de\/shop\/wp-json\/wp\/v2\/types\/product"}],"replies":[{"embeddable":true,"href":"https:\/\/all-pets.de\/shop\/wp-json\/wp\/v2\/comments?post=46069"}],"wp:featuredmedia":[{"embeddable":true,"href":"https:\/\/all-pets.de\/shop\/wp-json\/wp\/v2\/media\/26966"}],"wp:attachment":[{"href":"https:\/\/all-pets.de\/shop\/wp-json\/wp\/v2\/media?parent=46069"}],"wp:term":[{"taxonomy":"product_cat","embeddable":true,"href":"https:\/\/all-pets.de\/shop\/wp-json\/wp\/v2\/product_cat?post=46069"},{"taxonomy":"product_tag","embeddable":true,"href":"https:\/\/all-pets.de\/shop\/wp-json\/wp\/v2\/product_tag?post=46069"}],"curies":[{"name":"wp","href":"https:\/\/api.w.org\/{rel}","templated":true}]}}