{"id":46072,"date":"2023-12-12T10:50:48","date_gmt":"2023-12-12T09:50:48","guid":{"rendered":"https:\/\/pet-shopping.de\/shop\/produkt\/trixie-glastraenke-fuer-kaefige-und-terrarien-50-ml\/"},"modified":"2023-12-12T10:50:49","modified_gmt":"2023-12-12T09:50:49","slug":"trixie-glastraenke-fuer-kaefige-und-terrarien-50-ml","status":"publish","type":"product","link":"https:\/\/all-pets.de\/shop\/produkt\/trixie-glastraenke-fuer-kaefige-und-terrarien-50-ml\/","title":{"rendered":"Trixie Glastr\u00e4nke f\u00fcr K\u00e4fige und Terrarien &#8211; 50 ml"},"content":{"rendered":"<p>Glastr\u00e4nke mit Halter f\u00fcr Gitterk\u00e4fige und Saughalter f\u00fcr glatte Fl\u00e4chen, wie Terrarien. Geeignet f\u00fcr Kleinnager, wie Hamster und M\u00e4use.<\/p>\n<p>Fassungsverm\u00f6gen: ca. 50 ml<\/p>\n","protected":false},"excerpt":{"rendered":"<p>Glastr\u00e4nke mit Halter f\u00fcr Gitterk\u00e4fige und Saughalter f\u00fcr glatte Fl\u00e4chen, wie Terrarien. Geeignet f\u00fcr Kleinnager, wie Hamster und M\u00e4use. Fassungsverm\u00f6gen: ca. 50 ml<\/p>\n","protected":false},"featured_media":26972,"comment_status":"closed","ping_status":"open","template":"","meta":[],"product_cat":[14055],"product_tag":[],"class_list":{"0":"post-46072","1":"product","2":"type-product","3":"status-publish","4":"has-post-thumbnail","6":"product_cat-kleintiertraenken","8":"first","9":"instock","10":"taxable","11":"shipping-taxable","12":"purchasable","13":"product-type-simple"},"_links":{"self":[{"href":"https:\/\/all-pets.de\/shop\/wp-json\/wp\/v2\/product\/46072","targetHints":{"allow":["GET"]}}],"collection":[{"href":"https:\/\/all-pets.de\/shop\/wp-json\/wp\/v2\/product"}],"about":[{"href":"https:\/\/all-pets.de\/shop\/wp-json\/wp\/v2\/types\/product"}],"replies":[{"embeddable":true,"href":"https:\/\/all-pets.de\/shop\/wp-json\/wp\/v2\/comments?post=46072"}],"wp:featuredmedia":[{"embeddable":true,"href":"https:\/\/all-pets.de\/shop\/wp-json\/wp\/v2\/media\/26972"}],"wp:attachment":[{"href":"https:\/\/all-pets.de\/shop\/wp-json\/wp\/v2\/media?parent=46072"}],"wp:term":[{"taxonomy":"product_cat","embeddable":true,"href":"https:\/\/all-pets.de\/shop\/wp-json\/wp\/v2\/product_cat?post=46072"},{"taxonomy":"product_tag","embeddable":true,"href":"https:\/\/all-pets.de\/shop\/wp-json\/wp\/v2\/product_tag?post=46072"}],"curies":[{"name":"wp","href":"https:\/\/api.w.org\/{rel}","templated":true}]}}