{"id":46073,"date":"2023-12-12T10:50:48","date_gmt":"2023-12-12T09:50:48","guid":{"rendered":"https:\/\/pet-shopping.de\/shop\/produkt\/trixie-hamsterwippe-aus-naturholz\/"},"modified":"2023-12-12T10:50:49","modified_gmt":"2023-12-12T09:50:49","slug":"trixie-hamsterwippe-aus-naturholz","status":"publish","type":"product","link":"https:\/\/all-pets.de\/shop\/produkt\/trixie-hamsterwippe-aus-naturholz\/","title":{"rendered":"Trixie Hamsterwippe aus Naturholz"},"content":{"rendered":"<p>Ein richtiges Abenteuer f\u00fcr kleine Kletterweltmeister bietet die Wippe aus Echtholz, die sich f\u00fcr Kleinnager, wie Hamster, Gerbils, M\u00e4use und \u00e4hnlich gro\u00dfe Tiere eignet. Schon komplett vormontiert kann die Wippe sofort eingesetzt werden.<\/p>\n<p>Ma\u00dfe: ca. 21,5 x 9 x 7 cm<\/p>\n","protected":false},"excerpt":{"rendered":"<p>Ein richtiges Abenteuer f\u00fcr kleine Kletterweltmeister bietet die Wippe aus Echtholz, die sich f\u00fcr Kleinnager, wie Hamster, Gerbils, M\u00e4use und \u00e4hnlich gro\u00dfe Tiere eignet. Schon komplett vormontiert kann die Wippe sofort eingesetzt werden. Ma\u00dfe: ca. 21,5 x 9 x 7 cm<\/p>\n","protected":false},"featured_media":26980,"comment_status":"closed","ping_status":"open","template":"","meta":[],"product_cat":[13745],"product_tag":[],"class_list":{"0":"post-46073","1":"product","2":"type-product","3":"status-publish","4":"has-post-thumbnail","6":"product_cat-spiel-sport","8":"first","9":"instock","10":"taxable","11":"shipping-taxable","12":"purchasable","13":"product-type-simple"},"_links":{"self":[{"href":"https:\/\/all-pets.de\/shop\/wp-json\/wp\/v2\/product\/46073","targetHints":{"allow":["GET"]}}],"collection":[{"href":"https:\/\/all-pets.de\/shop\/wp-json\/wp\/v2\/product"}],"about":[{"href":"https:\/\/all-pets.de\/shop\/wp-json\/wp\/v2\/types\/product"}],"replies":[{"embeddable":true,"href":"https:\/\/all-pets.de\/shop\/wp-json\/wp\/v2\/comments?post=46073"}],"wp:featuredmedia":[{"embeddable":true,"href":"https:\/\/all-pets.de\/shop\/wp-json\/wp\/v2\/media\/26980"}],"wp:attachment":[{"href":"https:\/\/all-pets.de\/shop\/wp-json\/wp\/v2\/media?parent=46073"}],"wp:term":[{"taxonomy":"product_cat","embeddable":true,"href":"https:\/\/all-pets.de\/shop\/wp-json\/wp\/v2\/product_cat?post=46073"},{"taxonomy":"product_tag","embeddable":true,"href":"https:\/\/all-pets.de\/shop\/wp-json\/wp\/v2\/product_tag?post=46073"}],"curies":[{"name":"wp","href":"https:\/\/api.w.org\/{rel}","templated":true}]}}