{"id":46074,"date":"2023-12-12T10:50:48","date_gmt":"2023-12-12T09:50:48","guid":{"rendered":"https:\/\/pet-shopping.de\/shop\/produkt\/trixie-2-universal-halter-fuer-vogel-und-kleintierkaefige\/"},"modified":"2023-12-12T10:50:50","modified_gmt":"2023-12-12T09:50:50","slug":"trixie-2-universal-halter-fuer-vogel-und-kleintierkaefige","status":"publish","type":"product","link":"https:\/\/all-pets.de\/shop\/produkt\/trixie-2-universal-halter-fuer-vogel-und-kleintierkaefige\/","title":{"rendered":"Trixie 2 Universal-Halter f\u00fcr Vogel- und Kleintierk\u00e4fige"},"content":{"rendered":"<p>Universal-Halter aus Kunststoff f\u00fcr Leckereien, wie z.B. Gem\u00fcse, Obst etc. Zur Befestigung in K\u00e4figgittern von Vogel- und Kleintierk\u00e4figen.<\/p>\n<p>2er Set<\/p>\n<p>Diverse Farben. Eine Farbwahl ist leider nicht m\u00f6glich, da die Farbe je nach Lagerbestand gew\u00e4hlt wird.<\/p>\n","protected":false},"excerpt":{"rendered":"<p>Universal-Halter aus Kunststoff f\u00fcr Leckereien, wie z.B. Gem\u00fcse, Obst etc. Zur Befestigung in K\u00e4figgittern von Vogel- und Kleintierk\u00e4figen. 2er Set Diverse Farben. Eine Farbwahl ist leider nicht m\u00f6glich, da die Farbe je nach Lagerbestand gew\u00e4hlt wird.<\/p>\n","protected":false},"featured_media":46075,"comment_status":"closed","ping_status":"open","template":"","meta":[],"product_cat":[14282],"product_tag":[],"class_list":{"0":"post-46074","1":"product","2":"type-product","3":"status-publish","4":"has-post-thumbnail","6":"product_cat-vogelnaepfe-vogeltraenken-ausstattung-zubehoer-futterhalter-spendervogelwelt","8":"first","9":"instock","10":"taxable","11":"shipping-taxable","12":"purchasable","13":"product-type-simple"},"_links":{"self":[{"href":"https:\/\/all-pets.de\/shop\/wp-json\/wp\/v2\/product\/46074","targetHints":{"allow":["GET"]}}],"collection":[{"href":"https:\/\/all-pets.de\/shop\/wp-json\/wp\/v2\/product"}],"about":[{"href":"https:\/\/all-pets.de\/shop\/wp-json\/wp\/v2\/types\/product"}],"replies":[{"embeddable":true,"href":"https:\/\/all-pets.de\/shop\/wp-json\/wp\/v2\/comments?post=46074"}],"wp:featuredmedia":[{"embeddable":true,"href":"https:\/\/all-pets.de\/shop\/wp-json\/wp\/v2\/media\/46075"}],"wp:attachment":[{"href":"https:\/\/all-pets.de\/shop\/wp-json\/wp\/v2\/media?parent=46074"}],"wp:term":[{"taxonomy":"product_cat","embeddable":true,"href":"https:\/\/all-pets.de\/shop\/wp-json\/wp\/v2\/product_cat?post=46074"},{"taxonomy":"product_tag","embeddable":true,"href":"https:\/\/all-pets.de\/shop\/wp-json\/wp\/v2\/product_tag?post=46074"}],"curies":[{"name":"wp","href":"https:\/\/api.w.org\/{rel}","templated":true}]}}