{"id":46078,"date":"2023-12-12T10:50:52","date_gmt":"2023-12-12T09:50:52","guid":{"rendered":"https:\/\/pet-shopping.de\/shop\/produkt\/trixie-fruchthalter-aus-metall-ca-165-cm\/"},"modified":"2023-12-12T10:50:52","modified_gmt":"2023-12-12T09:50:52","slug":"trixie-fruchthalter-aus-metall-ca-165-cm","status":"publish","type":"product","link":"https:\/\/all-pets.de\/shop\/produkt\/trixie-fruchthalter-aus-metall-ca-165-cm\/","title":{"rendered":"Trixie Fruchthalter aus Metall &#8211; ca. 16,5 cm"},"content":{"rendered":"<p>Dieser Fruchthalter ist f\u00fcr alle K\u00e4fige passend. Obst und andere Leckereien k\u00f6nnen problemlos aufgespie\u00dft und in den K\u00e4fig geh\u00e4ngt werden.<\/p>\n<p>Gr\u00f6\u00dfe: ca. 16,5 cm<\/p>\n","protected":false},"excerpt":{"rendered":"<p>Dieser Fruchthalter ist f\u00fcr alle K\u00e4fige passend. Obst und andere Leckereien k\u00f6nnen problemlos aufgespie\u00dft und in den K\u00e4fig geh\u00e4ngt werden. Gr\u00f6\u00dfe: ca. 16,5 cm<\/p>\n","protected":false},"featured_media":27003,"comment_status":"closed","ping_status":"open","template":"","meta":[],"product_cat":[13756],"product_tag":[],"class_list":{"0":"post-46078","1":"product","2":"type-product","3":"status-publish","4":"has-post-thumbnail","6":"product_cat-futterhalter-spender","8":"first","9":"instock","10":"taxable","11":"shipping-taxable","12":"purchasable","13":"product-type-simple"},"_links":{"self":[{"href":"https:\/\/all-pets.de\/shop\/wp-json\/wp\/v2\/product\/46078","targetHints":{"allow":["GET"]}}],"collection":[{"href":"https:\/\/all-pets.de\/shop\/wp-json\/wp\/v2\/product"}],"about":[{"href":"https:\/\/all-pets.de\/shop\/wp-json\/wp\/v2\/types\/product"}],"replies":[{"embeddable":true,"href":"https:\/\/all-pets.de\/shop\/wp-json\/wp\/v2\/comments?post=46078"}],"wp:featuredmedia":[{"embeddable":true,"href":"https:\/\/all-pets.de\/shop\/wp-json\/wp\/v2\/media\/27003"}],"wp:attachment":[{"href":"https:\/\/all-pets.de\/shop\/wp-json\/wp\/v2\/media?parent=46078"}],"wp:term":[{"taxonomy":"product_cat","embeddable":true,"href":"https:\/\/all-pets.de\/shop\/wp-json\/wp\/v2\/product_cat?post=46078"},{"taxonomy":"product_tag","embeddable":true,"href":"https:\/\/all-pets.de\/shop\/wp-json\/wp\/v2\/product_tag?post=46078"}],"curies":[{"name":"wp","href":"https:\/\/api.w.org\/{rel}","templated":true}]}}