{"id":46079,"date":"2023-12-12T10:50:52","date_gmt":"2023-12-12T09:50:52","guid":{"rendered":"https:\/\/pet-shopping.de\/shop\/produkt\/trixie-food-ball-fuer-kleintiere-8-cm\/"},"modified":"2023-12-12T10:50:52","modified_gmt":"2023-12-12T09:50:52","slug":"trixie-food-ball-fuer-kleintiere-8-cm","status":"publish","type":"product","link":"https:\/\/all-pets.de\/shop\/produkt\/trixie-food-ball-fuer-kleintiere-8-cm\/","title":{"rendered":"Trixie Food-Ball f\u00fcr Kleintiere &#8211; 8 cm"},"content":{"rendered":"<p>&#8211; Metall, pulverbeschichtet<br \/> &#8211; zum Bef\u00fcllen mit Heu, Gr\u00e4sern etc.<br \/> &#8211; zum Einh\u00e4ngen in den K\u00e4fig<br \/> &#8211; Tier muss sich das Futter durch Strecken selbst erarbeiten<br \/> &#8211; sch\u00fctzt Futter vor Kot und Harn <\/p>\n","protected":false},"excerpt":{"rendered":"<p>&#8211; Metall, pulverbeschichtet &#8211; zum Bef\u00fcllen mit Heu, Gr\u00e4sern etc. &#8211; zum Einh\u00e4ngen in den K\u00e4fig &#8211; Tier muss sich das Futter durch Strecken selbst erarbeiten &#8211; sch\u00fctzt Futter vor Kot und Harn<\/p>\n","protected":false},"featured_media":27005,"comment_status":"closed","ping_status":"open","template":"","meta":[],"product_cat":[14283],"product_tag":[],"class_list":{"0":"post-46079","1":"product","2":"type-product","3":"status-publish","4":"has-post-thumbnail","6":"product_cat-heuraufen-ausstattung-zubehoer-futterhalter-spenderkleintierwelt","8":"first","9":"instock","10":"taxable","11":"shipping-taxable","12":"purchasable","13":"product-type-simple"},"_links":{"self":[{"href":"https:\/\/all-pets.de\/shop\/wp-json\/wp\/v2\/product\/46079","targetHints":{"allow":["GET"]}}],"collection":[{"href":"https:\/\/all-pets.de\/shop\/wp-json\/wp\/v2\/product"}],"about":[{"href":"https:\/\/all-pets.de\/shop\/wp-json\/wp\/v2\/types\/product"}],"replies":[{"embeddable":true,"href":"https:\/\/all-pets.de\/shop\/wp-json\/wp\/v2\/comments?post=46079"}],"wp:featuredmedia":[{"embeddable":true,"href":"https:\/\/all-pets.de\/shop\/wp-json\/wp\/v2\/media\/27005"}],"wp:attachment":[{"href":"https:\/\/all-pets.de\/shop\/wp-json\/wp\/v2\/media?parent=46079"}],"wp:term":[{"taxonomy":"product_cat","embeddable":true,"href":"https:\/\/all-pets.de\/shop\/wp-json\/wp\/v2\/product_cat?post=46079"},{"taxonomy":"product_tag","embeddable":true,"href":"https:\/\/all-pets.de\/shop\/wp-json\/wp\/v2\/product_tag?post=46079"}],"curies":[{"name":"wp","href":"https:\/\/api.w.org\/{rel}","templated":true}]}}