{"id":46081,"date":"2023-12-12T10:50:52","date_gmt":"2023-12-12T09:50:52","guid":{"rendered":"https:\/\/pet-shopping.de\/shop\/produkt\/trixie-flexible-hamsterleiter-7-x-29-cm\/"},"modified":"2023-12-12T10:50:52","modified_gmt":"2023-12-12T09:50:52","slug":"trixie-flexible-hamsterleiter-7-x-29-cm","status":"publish","type":"product","link":"https:\/\/all-pets.de\/shop\/produkt\/trixie-flexible-hamsterleiter-7-x-29-cm\/","title":{"rendered":"Trixie flexible Hamsterleiter &#8211; 7 x 29 cm"},"content":{"rendered":"<p>Diese Holzleiter bietet\u00a0Ihrem Tier Kletterspa\u00df und gleichzeitig Training. <\/p>\n<p>Einfach in dem K\u00e4fig aufstellen und mit den vormontierten Haken am K\u00e4figgitter befestigen.<\/p>\n<p>Die Hamsterleiter ist flexibel und kann z.B. in Wellenform im K\u00e4fig angebracht werden. Da die Leiter keine Sprossenzwischenr\u00e4ume hat, wird dem Hamster ein problemloses Auf- und Absteigen erm\u00f6glicht und es besteht keine Gefahr, dass er mit Krallen oder F\u00fc\u00dfen h\u00e4ngenbleibt.<\/p>\n<div>Ma\u00dfe: ca. 7 x 29 cm (BxL)<\/div>\n","protected":false},"excerpt":{"rendered":"<p>Diese Holzleiter bietet\u00a0Ihrem Tier Kletterspa\u00df und gleichzeitig Training. Einfach in dem K\u00e4fig aufstellen und mit den vormontierten Haken am K\u00e4figgitter befestigen. Die Hamsterleiter ist flexibel und kann z.B. in Wellenform im K\u00e4fig angebracht werden. Da die Leiter keine Sprossenzwischenr\u00e4ume hat, wird dem Hamster ein problemloses Auf- und Absteigen erm\u00f6glicht und es besteht keine Gefahr, dass [&hellip;]<\/p>\n","protected":false},"featured_media":27009,"comment_status":"closed","ping_status":"open","template":"","meta":[],"product_cat":[14284],"product_tag":[],"class_list":{"0":"post-46081","1":"product","2":"type-product","3":"status-publish","4":"has-post-thumbnail","6":"product_cat-tunnel-hoehlen-bruecken-ausstattung-zubehoer-kleintierwelt","8":"first","9":"instock","10":"taxable","11":"shipping-taxable","12":"purchasable","13":"product-type-simple"},"_links":{"self":[{"href":"https:\/\/all-pets.de\/shop\/wp-json\/wp\/v2\/product\/46081","targetHints":{"allow":["GET"]}}],"collection":[{"href":"https:\/\/all-pets.de\/shop\/wp-json\/wp\/v2\/product"}],"about":[{"href":"https:\/\/all-pets.de\/shop\/wp-json\/wp\/v2\/types\/product"}],"replies":[{"embeddable":true,"href":"https:\/\/all-pets.de\/shop\/wp-json\/wp\/v2\/comments?post=46081"}],"wp:featuredmedia":[{"embeddable":true,"href":"https:\/\/all-pets.de\/shop\/wp-json\/wp\/v2\/media\/27009"}],"wp:attachment":[{"href":"https:\/\/all-pets.de\/shop\/wp-json\/wp\/v2\/media?parent=46081"}],"wp:term":[{"taxonomy":"product_cat","embeddable":true,"href":"https:\/\/all-pets.de\/shop\/wp-json\/wp\/v2\/product_cat?post=46081"},{"taxonomy":"product_tag","embeddable":true,"href":"https:\/\/all-pets.de\/shop\/wp-json\/wp\/v2\/product_tag?post=46081"}],"curies":[{"name":"wp","href":"https:\/\/api.w.org\/{rel}","templated":true}]}}