{"id":46084,"date":"2023-12-12T10:50:52","date_gmt":"2023-12-12T09:50:52","guid":{"rendered":"https:\/\/pet-shopping.de\/shop\/produkt\/trixie-grasnest-gross-ca-15-cm\/"},"modified":"2023-12-12T10:50:52","modified_gmt":"2023-12-12T09:50:52","slug":"trixie-grasnest-gross-ca-15-cm","status":"publish","type":"product","link":"https:\/\/all-pets.de\/shop\/produkt\/trixie-grasnest-gross-ca-15-cm\/","title":{"rendered":"Trixie Grasnest gro\u00df &#8211; ca. 15 cm"},"content":{"rendered":"<p>Dieses Nest besteht aus 100% Gras welches um ein Drahtseil gewickelt wurde. So bleibt es stabil und sicher.\u00a0Es bietet Ihrem Nager eine nat\u00fcrliche Umgebung, die als Spielplatz, Schlafplatz oder als Brutplatz genutzt werden kann.<\/p>\n<div>Ma\u00dfe: 16 cm (z.B. f\u00fcr Ratten und M\u00e4use geeignet)<\/div>\n","protected":false},"excerpt":{"rendered":"<p>Dieses Nest besteht aus 100% Gras welches um ein Drahtseil gewickelt wurde. So bleibt es stabil und sicher.\u00a0Es bietet Ihrem Nager eine nat\u00fcrliche Umgebung, die als Spielplatz, Schlafplatz oder als Brutplatz genutzt werden kann. Ma\u00dfe: 16 cm (z.B. f\u00fcr Ratten und M\u00e4use geeignet)<\/p>\n","protected":false},"featured_media":27015,"comment_status":"closed","ping_status":"open","template":"","meta":[],"product_cat":[14285],"product_tag":[],"class_list":{"0":"post-46084","1":"product","2":"type-product","3":"status-publish","4":"has-post-thumbnail","6":"product_cat-grasnester-grashaeuser","8":"first","9":"instock","10":"taxable","11":"shipping-taxable","12":"purchasable","13":"product-type-simple"},"_links":{"self":[{"href":"https:\/\/all-pets.de\/shop\/wp-json\/wp\/v2\/product\/46084","targetHints":{"allow":["GET"]}}],"collection":[{"href":"https:\/\/all-pets.de\/shop\/wp-json\/wp\/v2\/product"}],"about":[{"href":"https:\/\/all-pets.de\/shop\/wp-json\/wp\/v2\/types\/product"}],"replies":[{"embeddable":true,"href":"https:\/\/all-pets.de\/shop\/wp-json\/wp\/v2\/comments?post=46084"}],"wp:featuredmedia":[{"embeddable":true,"href":"https:\/\/all-pets.de\/shop\/wp-json\/wp\/v2\/media\/27015"}],"wp:attachment":[{"href":"https:\/\/all-pets.de\/shop\/wp-json\/wp\/v2\/media?parent=46084"}],"wp:term":[{"taxonomy":"product_cat","embeddable":true,"href":"https:\/\/all-pets.de\/shop\/wp-json\/wp\/v2\/product_cat?post=46084"},{"taxonomy":"product_tag","embeddable":true,"href":"https:\/\/all-pets.de\/shop\/wp-json\/wp\/v2\/product_tag?post=46084"}],"curies":[{"name":"wp","href":"https:\/\/api.w.org\/{rel}","templated":true}]}}