{"id":46087,"date":"2023-12-12T10:50:52","date_gmt":"2023-12-12T09:50:52","guid":{"rendered":"https:\/\/pet-shopping.de\/shop\/produkt\/trixie-meerschweinchenhaus-bjork\/"},"modified":"2023-12-12T10:50:53","modified_gmt":"2023-12-12T09:50:53","slug":"trixie-meerschweinchenhaus-bjork","status":"publish","type":"product","link":"https:\/\/all-pets.de\/shop\/produkt\/trixie-meerschweinchenhaus-bjork\/","title":{"rendered":"Trixie Meerschweinchenhaus Bjork"},"content":{"rendered":"<p>Das zweist\u00f6ckige Kleintierhaus Bjork hat eine Rampe, die zum Eingang des oberen Stockwerks f\u00fchrt. Der Eingang zum Erdgeschoss befindet sich rechts von der Rampe. Das Haus f\u00fcr Kleintiere ist komplett aus Naturholz. Es ist mit extra gro\u00dfen Ein- und Ausg\u00e4ngen ausgestattet. Einfache Steck-Montage.<\/p>\n<p>Gesamtma\u00dfe: ca. 31 x 28 x 29 cm (BxTxH)<\/p>\n<p><\/p>\n","protected":false},"excerpt":{"rendered":"<p>Das zweist\u00f6ckige Kleintierhaus Bjork hat eine Rampe, die zum Eingang des oberen Stockwerks f\u00fchrt. Der Eingang zum Erdgeschoss befindet sich rechts von der Rampe. Das Haus f\u00fcr Kleintiere ist komplett aus Naturholz. Es ist mit extra gro\u00dfen Ein- und Ausg\u00e4ngen ausgestattet. Einfache Steck-Montage. Gesamtma\u00dfe: ca. 31 x 28 x 29 cm (BxTxH)<\/p>\n","protected":false},"featured_media":27023,"comment_status":"closed","ping_status":"open","template":"","meta":[],"product_cat":[13693],"product_tag":[],"class_list":{"0":"post-46087","1":"product","2":"type-product","3":"status-publish","4":"has-post-thumbnail","6":"product_cat-holzhaeuser","8":"first","9":"instock","10":"taxable","11":"shipping-taxable","12":"purchasable","13":"product-type-simple"},"_links":{"self":[{"href":"https:\/\/all-pets.de\/shop\/wp-json\/wp\/v2\/product\/46087","targetHints":{"allow":["GET"]}}],"collection":[{"href":"https:\/\/all-pets.de\/shop\/wp-json\/wp\/v2\/product"}],"about":[{"href":"https:\/\/all-pets.de\/shop\/wp-json\/wp\/v2\/types\/product"}],"replies":[{"embeddable":true,"href":"https:\/\/all-pets.de\/shop\/wp-json\/wp\/v2\/comments?post=46087"}],"wp:featuredmedia":[{"embeddable":true,"href":"https:\/\/all-pets.de\/shop\/wp-json\/wp\/v2\/media\/27023"}],"wp:attachment":[{"href":"https:\/\/all-pets.de\/shop\/wp-json\/wp\/v2\/media?parent=46087"}],"wp:term":[{"taxonomy":"product_cat","embeddable":true,"href":"https:\/\/all-pets.de\/shop\/wp-json\/wp\/v2\/product_cat?post=46087"},{"taxonomy":"product_tag","embeddable":true,"href":"https:\/\/all-pets.de\/shop\/wp-json\/wp\/v2\/product_tag?post=46087"}],"curies":[{"name":"wp","href":"https:\/\/api.w.org\/{rel}","templated":true}]}}