{"id":46093,"date":"2023-12-12T10:50:52","date_gmt":"2023-12-12T09:50:52","guid":{"rendered":"https:\/\/pet-shopping.de\/shop\/produkt\/trixie-softgeschirr-fuer-kaninchen\/"},"modified":"2023-12-12T10:50:53","modified_gmt":"2023-12-12T09:50:53","slug":"trixie-softgeschirr-fuer-kaninchen","status":"publish","type":"product","link":"https:\/\/all-pets.de\/shop\/produkt\/trixie-softgeschirr-fuer-kaninchen\/","title":{"rendered":"Trixie Softgeschirr f\u00fcr Kaninchen"},"content":{"rendered":"<p>Das Softgeschirr f\u00fcr Kaninchen besteht aus strapazierf\u00e4higem Mesh-Material und Nylon und ist mit einer vollelastischen Leine ausgestattet. Durch die weiche Polsterung bietet es einen angenehmen Tragekomfort, w\u00e4hrend ein extra Nylongurt mit Schnappverschluss einen sicheren Sitz gew\u00e4hrleistet.<\/p>\n<p>Im Brust- und Bauchbereich ist das Geschirr stufenlos verstellbar und durch Klettverschl\u00fcsse schnell und einfach anzulegen. Das Geschirr kann bei 30\u00b0C per Handw\u00e4sche gereinigt werden.<\/p>\n<p>Bauchumfang: ca. 25 &#8211; 32 cm<br \/> Leinenl\u00e4nge: ca. 1,20 m<\/p>\n<p>Diverse Farben.<\/p>\n<p>Eine Farbwahl ist leider nicht m\u00f6glich, da die Farbe je nach Lagerbestand gew\u00e4hlt wird.<\/p>\n","protected":false},"excerpt":{"rendered":"<p>Das Softgeschirr f\u00fcr Kaninchen besteht aus strapazierf\u00e4higem Mesh-Material und Nylon und ist mit einer vollelastischen Leine ausgestattet. Durch die weiche Polsterung bietet es einen angenehmen Tragekomfort, w\u00e4hrend ein extra Nylongurt mit Schnappverschluss einen sicheren Sitz gew\u00e4hrleistet. Im Brust- und Bauchbereich ist das Geschirr stufenlos verstellbar und durch Klettverschl\u00fcsse schnell und einfach anzulegen. Das Geschirr kann [&hellip;]<\/p>\n","protected":false},"featured_media":27043,"comment_status":"closed","ping_status":"open","template":"","meta":[],"product_cat":[14286],"product_tag":[],"class_list":{"0":"post-46093","1":"product","2":"type-product","3":"status-publish","4":"has-post-thumbnail","6":"product_cat-geschirre-leinen","8":"first","9":"instock","10":"taxable","11":"shipping-taxable","12":"purchasable","13":"product-type-simple"},"_links":{"self":[{"href":"https:\/\/all-pets.de\/shop\/wp-json\/wp\/v2\/product\/46093","targetHints":{"allow":["GET"]}}],"collection":[{"href":"https:\/\/all-pets.de\/shop\/wp-json\/wp\/v2\/product"}],"about":[{"href":"https:\/\/all-pets.de\/shop\/wp-json\/wp\/v2\/types\/product"}],"replies":[{"embeddable":true,"href":"https:\/\/all-pets.de\/shop\/wp-json\/wp\/v2\/comments?post=46093"}],"wp:featuredmedia":[{"embeddable":true,"href":"https:\/\/all-pets.de\/shop\/wp-json\/wp\/v2\/media\/27043"}],"wp:attachment":[{"href":"https:\/\/all-pets.de\/shop\/wp-json\/wp\/v2\/media?parent=46093"}],"wp:term":[{"taxonomy":"product_cat","embeddable":true,"href":"https:\/\/all-pets.de\/shop\/wp-json\/wp\/v2\/product_cat?post=46093"},{"taxonomy":"product_tag","embeddable":true,"href":"https:\/\/all-pets.de\/shop\/wp-json\/wp\/v2\/product_tag?post=46093"}],"curies":[{"name":"wp","href":"https:\/\/api.w.org\/{rel}","templated":true}]}}