{"id":46094,"date":"2023-12-12T10:50:52","date_gmt":"2023-12-12T09:50:52","guid":{"rendered":"https:\/\/pet-shopping.de\/shop\/produkt\/trixie-nagerspielplatz-birger\/"},"modified":"2023-12-12T10:50:53","modified_gmt":"2023-12-12T09:50:53","slug":"trixie-nagerspielplatz-birger","status":"publish","type":"product","link":"https:\/\/all-pets.de\/shop\/produkt\/trixie-nagerspielplatz-birger\/","title":{"rendered":"Trixie Nagerspielplatz Birger"},"content":{"rendered":"<p>Der Nagerspielplatz Birger l\u00e4sst bei Ihrem kleinen Liebling keine Langeweile aufkommen. Ein Haus mit Kletterwand, ein Turm mit Leiter, eine Schaukel und eine H\u00e4ngebr\u00fccke bieten Kletterfreunden jede Menge Abwechslung und sportliches Ausdauertraining.<\/p>\n<p>Der Spielplatz eignet sich f\u00fcr kleine Nager, wie Hamster oder M\u00e4use.<\/p>\n<p>Gesamtma\u00dfe: ca. 36 x 33 x 26 cm (BxHxT)<\/p>\n","protected":false},"excerpt":{"rendered":"<p>Der Nagerspielplatz Birger l\u00e4sst bei Ihrem kleinen Liebling keine Langeweile aufkommen. Ein Haus mit Kletterwand, ein Turm mit Leiter, eine Schaukel und eine H\u00e4ngebr\u00fccke bieten Kletterfreunden jede Menge Abwechslung und sportliches Ausdauertraining. Der Spielplatz eignet sich f\u00fcr kleine Nager, wie Hamster oder M\u00e4use. Gesamtma\u00dfe: ca. 36 x 33 x 26 cm (BxHxT)<\/p>\n","protected":false},"featured_media":27048,"comment_status":"closed","ping_status":"open","template":"","meta":[],"product_cat":[14287],"product_tag":[],"class_list":{"0":"post-46094","1":"product","2":"type-product","3":"status-publish","4":"has-post-thumbnail","6":"product_cat-holzhaeuser-ausstattung-zubehoer-spiel-sportkleintierwelt-ausstattung-zubehoer-kleintierwelt","8":"first","9":"instock","10":"taxable","11":"shipping-taxable","12":"purchasable","13":"product-type-simple"},"_links":{"self":[{"href":"https:\/\/all-pets.de\/shop\/wp-json\/wp\/v2\/product\/46094","targetHints":{"allow":["GET"]}}],"collection":[{"href":"https:\/\/all-pets.de\/shop\/wp-json\/wp\/v2\/product"}],"about":[{"href":"https:\/\/all-pets.de\/shop\/wp-json\/wp\/v2\/types\/product"}],"replies":[{"embeddable":true,"href":"https:\/\/all-pets.de\/shop\/wp-json\/wp\/v2\/comments?post=46094"}],"wp:featuredmedia":[{"embeddable":true,"href":"https:\/\/all-pets.de\/shop\/wp-json\/wp\/v2\/media\/27048"}],"wp:attachment":[{"href":"https:\/\/all-pets.de\/shop\/wp-json\/wp\/v2\/media?parent=46094"}],"wp:term":[{"taxonomy":"product_cat","embeddable":true,"href":"https:\/\/all-pets.de\/shop\/wp-json\/wp\/v2\/product_cat?post=46094"},{"taxonomy":"product_tag","embeddable":true,"href":"https:\/\/all-pets.de\/shop\/wp-json\/wp\/v2\/product_tag?post=46094"}],"curies":[{"name":"wp","href":"https:\/\/api.w.org\/{rel}","templated":true}]}}