{"id":46095,"date":"2023-12-12T10:50:52","date_gmt":"2023-12-12T09:50:52","guid":{"rendered":"https:\/\/pet-shopping.de\/shop\/produkt\/trixie-spielburg-matti\/"},"modified":"2023-12-12T10:50:54","modified_gmt":"2023-12-12T09:50:54","slug":"trixie-spielburg-matti","status":"publish","type":"product","link":"https:\/\/all-pets.de\/shop\/produkt\/trixie-spielburg-matti\/","title":{"rendered":"Trixie Spielburg Matti"},"content":{"rendered":"<p>Die zweist\u00f6ckige Spielburg Matti besteht aus Echtholz und bietet Ihrem Kleinnager viel Platz zum Klettern, Spielen und Verstecken. Die Spielburg ist ausgestattet mit zwei T\u00fcrmen und vielen Ein- und Ausg\u00e4ngen mit einem Durchmesser von jeweils ca. 3,5 cm. Die Burg eignet sich f\u00fcr Kleinnager, wie Zwerghamster oder M\u00e4use. Mit Bodenplatte. Komplett vormontiert und sofort einsatzbereit.<\/p>\n<p>Au\u00dfenma\u00dfe der Burg: ca. 17 x 12,5 x 15 cm (BxTxH)<\/p>\n","protected":false},"excerpt":{"rendered":"<p>Die zweist\u00f6ckige Spielburg Matti besteht aus Echtholz und bietet Ihrem Kleinnager viel Platz zum Klettern, Spielen und Verstecken. Die Spielburg ist ausgestattet mit zwei T\u00fcrmen und vielen Ein- und Ausg\u00e4ngen mit einem Durchmesser von jeweils ca. 3,5 cm. Die Burg eignet sich f\u00fcr Kleinnager, wie Zwerghamster oder M\u00e4use. Mit Bodenplatte. Komplett vormontiert und sofort einsatzbereit. [&hellip;]<\/p>\n","protected":false},"featured_media":27056,"comment_status":"closed","ping_status":"open","template":"","meta":[],"product_cat":[14289],"product_tag":[],"class_list":{"0":"post-46095","1":"product","2":"type-product","3":"status-publish","4":"has-post-thumbnail","6":"product_cat-spiel-sport-ausstattung-zubehoer-holzhaeuserkleintierwelt","8":"first","9":"instock","10":"taxable","11":"shipping-taxable","12":"purchasable","13":"product-type-simple"},"_links":{"self":[{"href":"https:\/\/all-pets.de\/shop\/wp-json\/wp\/v2\/product\/46095","targetHints":{"allow":["GET"]}}],"collection":[{"href":"https:\/\/all-pets.de\/shop\/wp-json\/wp\/v2\/product"}],"about":[{"href":"https:\/\/all-pets.de\/shop\/wp-json\/wp\/v2\/types\/product"}],"replies":[{"embeddable":true,"href":"https:\/\/all-pets.de\/shop\/wp-json\/wp\/v2\/comments?post=46095"}],"wp:featuredmedia":[{"embeddable":true,"href":"https:\/\/all-pets.de\/shop\/wp-json\/wp\/v2\/media\/27056"}],"wp:attachment":[{"href":"https:\/\/all-pets.de\/shop\/wp-json\/wp\/v2\/media?parent=46095"}],"wp:term":[{"taxonomy":"product_cat","embeddable":true,"href":"https:\/\/all-pets.de\/shop\/wp-json\/wp\/v2\/product_cat?post=46095"},{"taxonomy":"product_tag","embeddable":true,"href":"https:\/\/all-pets.de\/shop\/wp-json\/wp\/v2\/product_tag?post=46095"}],"curies":[{"name":"wp","href":"https:\/\/api.w.org\/{rel}","templated":true}]}}