{"id":46096,"date":"2023-12-12T10:50:52","date_gmt":"2023-12-12T09:50:52","guid":{"rendered":"https:\/\/pet-shopping.de\/shop\/produkt\/trixie-hamsterhaus-hendrik\/"},"modified":"2023-12-12T10:50:54","modified_gmt":"2023-12-12T09:50:54","slug":"trixie-hamsterhaus-hendrik","status":"publish","type":"product","link":"https:\/\/all-pets.de\/shop\/produkt\/trixie-hamsterhaus-hendrik\/","title":{"rendered":"Trixie Hamsterhaus Hendrik"},"content":{"rendered":"<p>Das Hamsterhaus Hendrik aus Naturholz eignet sich ideal als R\u00fcckzugsm\u00f6glichkeit f\u00fcr Kleinnager, wie Hamster, M\u00e4use und \u00e4hnlich gro\u00dfe Tiere.<\/p>\n<p>Das niedliche Haus ist an der Unterseite komplett offen und hat Au\u00dfenma\u00dfe von ca. 14 x 11 x 10 cm (BxTxH). Die Innenma\u00dfe der Bodenfl\u00e4che betragen ca. 10,5 x 6,5 cm.<\/p>\n","protected":false},"excerpt":{"rendered":"<p>Das Hamsterhaus Hendrik aus Naturholz eignet sich ideal als R\u00fcckzugsm\u00f6glichkeit f\u00fcr Kleinnager, wie Hamster, M\u00e4use und \u00e4hnlich gro\u00dfe Tiere. Das niedliche Haus ist an der Unterseite komplett offen und hat Au\u00dfenma\u00dfe von ca. 14 x 11 x 10 cm (BxTxH). Die Innenma\u00dfe der Bodenfl\u00e4che betragen ca. 10,5 x 6,5 cm.<\/p>\n","protected":false},"featured_media":27058,"comment_status":"closed","ping_status":"open","template":"","meta":[],"product_cat":[13693],"product_tag":[],"class_list":{"0":"post-46096","1":"product","2":"type-product","3":"status-publish","4":"has-post-thumbnail","6":"product_cat-holzhaeuser","8":"first","9":"instock","10":"taxable","11":"shipping-taxable","12":"purchasable","13":"product-type-simple"},"_links":{"self":[{"href":"https:\/\/all-pets.de\/shop\/wp-json\/wp\/v2\/product\/46096","targetHints":{"allow":["GET"]}}],"collection":[{"href":"https:\/\/all-pets.de\/shop\/wp-json\/wp\/v2\/product"}],"about":[{"href":"https:\/\/all-pets.de\/shop\/wp-json\/wp\/v2\/types\/product"}],"replies":[{"embeddable":true,"href":"https:\/\/all-pets.de\/shop\/wp-json\/wp\/v2\/comments?post=46096"}],"wp:featuredmedia":[{"embeddable":true,"href":"https:\/\/all-pets.de\/shop\/wp-json\/wp\/v2\/media\/27058"}],"wp:attachment":[{"href":"https:\/\/all-pets.de\/shop\/wp-json\/wp\/v2\/media?parent=46096"}],"wp:term":[{"taxonomy":"product_cat","embeddable":true,"href":"https:\/\/all-pets.de\/shop\/wp-json\/wp\/v2\/product_cat?post=46096"},{"taxonomy":"product_tag","embeddable":true,"href":"https:\/\/all-pets.de\/shop\/wp-json\/wp\/v2\/product_tag?post=46096"}],"curies":[{"name":"wp","href":"https:\/\/api.w.org\/{rel}","templated":true}]}}