{"id":46097,"date":"2023-12-12T10:50:52","date_gmt":"2023-12-12T09:50:52","guid":{"rendered":"https:\/\/pet-shopping.de\/shop\/produkt\/trixie-hamsterhaus-luka\/"},"modified":"2023-12-12T10:50:54","modified_gmt":"2023-12-12T09:50:54","slug":"trixie-hamsterhaus-luka","status":"publish","type":"product","link":"https:\/\/all-pets.de\/shop\/produkt\/trixie-hamsterhaus-luka\/","title":{"rendered":"Trixie Hamsterhaus Luka"},"content":{"rendered":"<p>Das Hamsterhaus Luka hat zwei Eing\u00e4nge, \u00fcber die jeweils ein Trog geh\u00e4ngt werden kann. Die Rampe hilft dem Hamster, auf das Dach und somit an die Futtertr\u00f6ge zu kommen. Das Haus besteht aus Echtholz und eignet sich f\u00fcr Hamster und M\u00e4use.<\/p>\n<p>Gesamtma\u00dfe: 16 x 17 x 7,5 cm (BxTxH)<br \/> Eing\u00e4nge: ca. 3,5 cm<\/p>\n","protected":false},"excerpt":{"rendered":"<p>Das Hamsterhaus Luka hat zwei Eing\u00e4nge, \u00fcber die jeweils ein Trog geh\u00e4ngt werden kann. Die Rampe hilft dem Hamster, auf das Dach und somit an die Futtertr\u00f6ge zu kommen. Das Haus besteht aus Echtholz und eignet sich f\u00fcr Hamster und M\u00e4use. Gesamtma\u00dfe: 16 x 17 x 7,5 cm (BxTxH) Eing\u00e4nge: ca. 3,5 cm<\/p>\n","protected":false},"featured_media":27060,"comment_status":"closed","ping_status":"open","template":"","meta":[],"product_cat":[13693],"product_tag":[],"class_list":{"0":"post-46097","1":"product","2":"type-product","3":"status-publish","4":"has-post-thumbnail","6":"product_cat-holzhaeuser","8":"first","9":"instock","10":"taxable","11":"shipping-taxable","12":"purchasable","13":"product-type-simple"},"_links":{"self":[{"href":"https:\/\/all-pets.de\/shop\/wp-json\/wp\/v2\/product\/46097","targetHints":{"allow":["GET"]}}],"collection":[{"href":"https:\/\/all-pets.de\/shop\/wp-json\/wp\/v2\/product"}],"about":[{"href":"https:\/\/all-pets.de\/shop\/wp-json\/wp\/v2\/types\/product"}],"replies":[{"embeddable":true,"href":"https:\/\/all-pets.de\/shop\/wp-json\/wp\/v2\/comments?post=46097"}],"wp:featuredmedia":[{"embeddable":true,"href":"https:\/\/all-pets.de\/shop\/wp-json\/wp\/v2\/media\/27060"}],"wp:attachment":[{"href":"https:\/\/all-pets.de\/shop\/wp-json\/wp\/v2\/media?parent=46097"}],"wp:term":[{"taxonomy":"product_cat","embeddable":true,"href":"https:\/\/all-pets.de\/shop\/wp-json\/wp\/v2\/product_cat?post=46097"},{"taxonomy":"product_tag","embeddable":true,"href":"https:\/\/all-pets.de\/shop\/wp-json\/wp\/v2\/product_tag?post=46097"}],"curies":[{"name":"wp","href":"https:\/\/api.w.org\/{rel}","templated":true}]}}