{"id":46098,"date":"2023-12-12T10:50:52","date_gmt":"2023-12-12T09:50:52","guid":{"rendered":"https:\/\/pet-shopping.de\/shop\/produkt\/trixie-hamsterhaus-thordis\/"},"modified":"2023-12-12T10:50:54","modified_gmt":"2023-12-12T09:50:54","slug":"trixie-hamsterhaus-thordis","status":"publish","type":"product","link":"https:\/\/all-pets.de\/shop\/produkt\/trixie-hamsterhaus-thordis\/","title":{"rendered":"Trixie Hamsterhaus Thordis"},"content":{"rendered":"<p>Das Hamsterhaus Thordis ist durch seine dreieckige Form ideal f\u00fcr K\u00e4figecken geeignet. Neben der Eingst\u00fcr, die ca. 3,5 x 3,5 cm gro\u00df ist, befinden sich auf beiden Seiten jeweils eine Rampe, \u00fcber die Ihr Tier auf das dach des Hauses gelangt, welches als zus\u00e4tzliche Ebene genutzt werden kann. Das Haus eignet sich f\u00fcr Kleinnager, wie Hamster und M\u00e4use.<\/p>\n<p>Seitenl\u00e4nge: ca. 14 cm ohne Rampe \/ ca. 19 cm inkl. Rampe<br \/> Diagonale an der Front: ca. 19 cm <br \/> H\u00f6he: ca. 8 cm<\/p>\n","protected":false},"excerpt":{"rendered":"<p>Das Hamsterhaus Thordis ist durch seine dreieckige Form ideal f\u00fcr K\u00e4figecken geeignet. Neben der Eingst\u00fcr, die ca. 3,5 x 3,5 cm gro\u00df ist, befinden sich auf beiden Seiten jeweils eine Rampe, \u00fcber die Ihr Tier auf das dach des Hauses gelangt, welches als zus\u00e4tzliche Ebene genutzt werden kann. Das Haus eignet sich f\u00fcr Kleinnager, wie [&hellip;]<\/p>\n","protected":false},"featured_media":27062,"comment_status":"closed","ping_status":"open","template":"","meta":[],"product_cat":[13693],"product_tag":[],"class_list":{"0":"post-46098","1":"product","2":"type-product","3":"status-publish","4":"has-post-thumbnail","6":"product_cat-holzhaeuser","8":"first","9":"instock","10":"taxable","11":"shipping-taxable","12":"purchasable","13":"product-type-simple"},"_links":{"self":[{"href":"https:\/\/all-pets.de\/shop\/wp-json\/wp\/v2\/product\/46098","targetHints":{"allow":["GET"]}}],"collection":[{"href":"https:\/\/all-pets.de\/shop\/wp-json\/wp\/v2\/product"}],"about":[{"href":"https:\/\/all-pets.de\/shop\/wp-json\/wp\/v2\/types\/product"}],"replies":[{"embeddable":true,"href":"https:\/\/all-pets.de\/shop\/wp-json\/wp\/v2\/comments?post=46098"}],"wp:featuredmedia":[{"embeddable":true,"href":"https:\/\/all-pets.de\/shop\/wp-json\/wp\/v2\/media\/27062"}],"wp:attachment":[{"href":"https:\/\/all-pets.de\/shop\/wp-json\/wp\/v2\/media?parent=46098"}],"wp:term":[{"taxonomy":"product_cat","embeddable":true,"href":"https:\/\/all-pets.de\/shop\/wp-json\/wp\/v2\/product_cat?post=46098"},{"taxonomy":"product_tag","embeddable":true,"href":"https:\/\/all-pets.de\/shop\/wp-json\/wp\/v2\/product_tag?post=46098"}],"curies":[{"name":"wp","href":"https:\/\/api.w.org\/{rel}","templated":true}]}}