{"id":46100,"date":"2023-12-12T10:50:52","date_gmt":"2023-12-12T09:50:52","guid":{"rendered":"https:\/\/pet-shopping.de\/shop\/produkt\/trixie-weidenball-mit-schelle-4-cm\/"},"modified":"2023-12-12T10:50:54","modified_gmt":"2023-12-12T09:50:54","slug":"trixie-weidenball-mit-schelle-4-cm","status":"publish","type":"product","link":"https:\/\/all-pets.de\/shop\/produkt\/trixie-weidenball-mit-schelle-4-cm\/","title":{"rendered":"Trixie Weidenball mit Schelle &#8211; 4 cm"},"content":{"rendered":"<p>Stundenlanges Spielvergn\u00fcgen f\u00fcr Hamster, M\u00e4use und andere Kleinnager bietet dieser Wiedenball, der durch die Schelle, die sich in seinem Inneren befindet immer wieder neu das Interesse Ihres Tieres erweckt.<\/p>\n<p>Durchmesser: ca. 4 cm<\/p>\n","protected":false},"excerpt":{"rendered":"<p>Stundenlanges Spielvergn\u00fcgen f\u00fcr Hamster, M\u00e4use und andere Kleinnager bietet dieser Wiedenball, der durch die Schelle, die sich in seinem Inneren befindet immer wieder neu das Interesse Ihres Tieres erweckt. Durchmesser: ca. 4 cm<\/p>\n","protected":false},"featured_media":46101,"comment_status":"closed","ping_status":"open","template":"","meta":[],"product_cat":[13745],"product_tag":[],"class_list":{"0":"post-46100","1":"product","2":"type-product","3":"status-publish","4":"has-post-thumbnail","6":"product_cat-spiel-sport","8":"first","9":"instock","10":"taxable","11":"shipping-taxable","12":"purchasable","13":"product-type-simple"},"_links":{"self":[{"href":"https:\/\/all-pets.de\/shop\/wp-json\/wp\/v2\/product\/46100","targetHints":{"allow":["GET"]}}],"collection":[{"href":"https:\/\/all-pets.de\/shop\/wp-json\/wp\/v2\/product"}],"about":[{"href":"https:\/\/all-pets.de\/shop\/wp-json\/wp\/v2\/types\/product"}],"replies":[{"embeddable":true,"href":"https:\/\/all-pets.de\/shop\/wp-json\/wp\/v2\/comments?post=46100"}],"wp:featuredmedia":[{"embeddable":true,"href":"https:\/\/all-pets.de\/shop\/wp-json\/wp\/v2\/media\/46101"}],"wp:attachment":[{"href":"https:\/\/all-pets.de\/shop\/wp-json\/wp\/v2\/media?parent=46100"}],"wp:term":[{"taxonomy":"product_cat","embeddable":true,"href":"https:\/\/all-pets.de\/shop\/wp-json\/wp\/v2\/product_cat?post=46100"},{"taxonomy":"product_tag","embeddable":true,"href":"https:\/\/all-pets.de\/shop\/wp-json\/wp\/v2\/product_tag?post=46100"}],"curies":[{"name":"wp","href":"https:\/\/api.w.org\/{rel}","templated":true}]}}