{"id":46102,"date":"2023-12-12T10:50:56","date_gmt":"2023-12-12T09:50:56","guid":{"rendered":"https:\/\/pet-shopping.de\/shop\/produkt\/trixie-holz-spielrolle-fuer-kleintiere\/"},"modified":"2023-12-12T10:50:56","modified_gmt":"2023-12-12T09:50:56","slug":"trixie-holz-spielrolle-fuer-kleintiere","status":"publish","type":"product","link":"https:\/\/all-pets.de\/shop\/produkt\/trixie-holz-spielrolle-fuer-kleintiere\/","title":{"rendered":"Trixie Holz-Spielrolle f\u00fcr Kleintiere"},"content":{"rendered":"<p>Diese Rolle kann von Ihrem kleinen Mitbewohner gut mit der Nase durch den K\u00e4fig bzw. beim Freilauf in der Wohnung \u00fcber ebene B\u00f6den gerollt werden. Das Ger\u00e4usch der Schelle wird den Nager immer wieder aufs Neue reizen mit der Spielrolle zu spielen.<\/p>\n<p>Ma\u00dfe: ca. 5 x 7 cm (Durchmesser x L\u00e4nge)<\/p>\n","protected":false},"excerpt":{"rendered":"<p>Diese Rolle kann von Ihrem kleinen Mitbewohner gut mit der Nase durch den K\u00e4fig bzw. beim Freilauf in der Wohnung \u00fcber ebene B\u00f6den gerollt werden. Das Ger\u00e4usch der Schelle wird den Nager immer wieder aufs Neue reizen mit der Spielrolle zu spielen. Ma\u00dfe: ca. 5 x 7 cm (Durchmesser x L\u00e4nge)<\/p>\n","protected":false},"featured_media":27070,"comment_status":"closed","ping_status":"open","template":"","meta":[],"product_cat":[13745],"product_tag":[],"class_list":{"0":"post-46102","1":"product","2":"type-product","3":"status-publish","4":"has-post-thumbnail","6":"product_cat-spiel-sport","8":"first","9":"instock","10":"taxable","11":"shipping-taxable","12":"purchasable","13":"product-type-simple"},"_links":{"self":[{"href":"https:\/\/all-pets.de\/shop\/wp-json\/wp\/v2\/product\/46102","targetHints":{"allow":["GET"]}}],"collection":[{"href":"https:\/\/all-pets.de\/shop\/wp-json\/wp\/v2\/product"}],"about":[{"href":"https:\/\/all-pets.de\/shop\/wp-json\/wp\/v2\/types\/product"}],"replies":[{"embeddable":true,"href":"https:\/\/all-pets.de\/shop\/wp-json\/wp\/v2\/comments?post=46102"}],"wp:featuredmedia":[{"embeddable":true,"href":"https:\/\/all-pets.de\/shop\/wp-json\/wp\/v2\/media\/27070"}],"wp:attachment":[{"href":"https:\/\/all-pets.de\/shop\/wp-json\/wp\/v2\/media?parent=46102"}],"wp:term":[{"taxonomy":"product_cat","embeddable":true,"href":"https:\/\/all-pets.de\/shop\/wp-json\/wp\/v2\/product_cat?post=46102"},{"taxonomy":"product_tag","embeddable":true,"href":"https:\/\/all-pets.de\/shop\/wp-json\/wp\/v2\/product_tag?post=46102"}],"curies":[{"name":"wp","href":"https:\/\/api.w.org\/{rel}","templated":true}]}}