{"id":46103,"date":"2023-12-12T10:50:56","date_gmt":"2023-12-12T09:50:56","guid":{"rendered":"https:\/\/pet-shopping.de\/shop\/produkt\/trixie-spiel-und-snackball-aus-holz-75-cm\/"},"modified":"2023-12-12T10:50:56","modified_gmt":"2023-12-12T09:50:56","slug":"trixie-spiel-und-snackball-aus-holz-75-cm","status":"publish","type":"product","link":"https:\/\/all-pets.de\/shop\/produkt\/trixie-spiel-und-snackball-aus-holz-75-cm\/","title":{"rendered":"Trixie Spiel- und Snackball aus Holz &#8211; 7,5 cm"},"content":{"rendered":"<p>Spiel und Spa\u00df ins Kleintierleben bringt dieser Spiel- und Snackball. Der Ball besteht aus Holz und ist mit vielen L\u00f6chern ausgestattet, durch die nach Belieben Leckereien gesteckt werden k\u00f6nnen. Diese kann sich Ihr Liebling dann nach und nach spielerisch erarbeiten.<\/p>\n<p>Der Ball eignet sich f\u00fcr Kaninchen, Meerschweinchen und andere Kleintiere.<\/p>\n<p>Durchmesser: ca. 7,5 cm <\/p>\n<p>Die Farben k\u00f6nnen von der Abbildung abweichen. <\/p>\n","protected":false},"excerpt":{"rendered":"<p>Spiel und Spa\u00df ins Kleintierleben bringt dieser Spiel- und Snackball. Der Ball besteht aus Holz und ist mit vielen L\u00f6chern ausgestattet, durch die nach Belieben Leckereien gesteckt werden k\u00f6nnen. Diese kann sich Ihr Liebling dann nach und nach spielerisch erarbeiten. Der Ball eignet sich f\u00fcr Kaninchen, Meerschweinchen und andere Kleintiere. Durchmesser: ca. 7,5 cm Die [&hellip;]<\/p>\n","protected":false},"featured_media":27072,"comment_status":"closed","ping_status":"open","template":"","meta":[],"product_cat":[13745],"product_tag":[],"class_list":{"0":"post-46103","1":"product","2":"type-product","3":"status-publish","4":"has-post-thumbnail","6":"product_cat-spiel-sport","8":"first","9":"instock","10":"taxable","11":"shipping-taxable","12":"purchasable","13":"product-type-simple"},"_links":{"self":[{"href":"https:\/\/all-pets.de\/shop\/wp-json\/wp\/v2\/product\/46103","targetHints":{"allow":["GET"]}}],"collection":[{"href":"https:\/\/all-pets.de\/shop\/wp-json\/wp\/v2\/product"}],"about":[{"href":"https:\/\/all-pets.de\/shop\/wp-json\/wp\/v2\/types\/product"}],"replies":[{"embeddable":true,"href":"https:\/\/all-pets.de\/shop\/wp-json\/wp\/v2\/comments?post=46103"}],"wp:featuredmedia":[{"embeddable":true,"href":"https:\/\/all-pets.de\/shop\/wp-json\/wp\/v2\/media\/27072"}],"wp:attachment":[{"href":"https:\/\/all-pets.de\/shop\/wp-json\/wp\/v2\/media?parent=46103"}],"wp:term":[{"taxonomy":"product_cat","embeddable":true,"href":"https:\/\/all-pets.de\/shop\/wp-json\/wp\/v2\/product_cat?post=46103"},{"taxonomy":"product_tag","embeddable":true,"href":"https:\/\/all-pets.de\/shop\/wp-json\/wp\/v2\/product_tag?post=46103"}],"curies":[{"name":"wp","href":"https:\/\/api.w.org\/{rel}","templated":true}]}}