{"id":46104,"date":"2023-12-12T10:50:56","date_gmt":"2023-12-12T09:50:56","guid":{"rendered":"https:\/\/pet-shopping.de\/shop\/produkt\/trixie-baumwollspieltau-fuer-kleintiere-20-cm\/"},"modified":"2023-12-12T10:50:56","modified_gmt":"2023-12-12T09:50:56","slug":"trixie-baumwollspieltau-fuer-kleintiere-20-cm","status":"publish","type":"product","link":"https:\/\/all-pets.de\/shop\/produkt\/trixie-baumwollspieltau-fuer-kleintiere-20-cm\/","title":{"rendered":"Trixie Baumwollspieltau f\u00fcr Kleintiere &#8211; 20 cm"},"content":{"rendered":"<p>Spieltau f\u00fcr Kaninchen, Meerschweinchen und Kleinnager bestehend aus einem Baumwolltau mit zwei Holzkl\u00f6tzen an den Enden. Zum Spielen und Knabbern.<\/p>\n<p>L\u00e4nge: ca. 18 cm<\/p>\n<p>Die Farben k\u00f6nnen von der Abbildung abweichen.<\/p>\n","protected":false},"excerpt":{"rendered":"<p>Spieltau f\u00fcr Kaninchen, Meerschweinchen und Kleinnager bestehend aus einem Baumwolltau mit zwei Holzkl\u00f6tzen an den Enden. Zum Spielen und Knabbern. L\u00e4nge: ca. 18 cm Die Farben k\u00f6nnen von der Abbildung abweichen.<\/p>\n","protected":false},"featured_media":27076,"comment_status":"closed","ping_status":"open","template":"","meta":[],"product_cat":[13745],"product_tag":[],"class_list":{"0":"post-46104","1":"product","2":"type-product","3":"status-publish","4":"has-post-thumbnail","6":"product_cat-spiel-sport","8":"first","9":"instock","10":"taxable","11":"shipping-taxable","12":"purchasable","13":"product-type-simple"},"_links":{"self":[{"href":"https:\/\/all-pets.de\/shop\/wp-json\/wp\/v2\/product\/46104","targetHints":{"allow":["GET"]}}],"collection":[{"href":"https:\/\/all-pets.de\/shop\/wp-json\/wp\/v2\/product"}],"about":[{"href":"https:\/\/all-pets.de\/shop\/wp-json\/wp\/v2\/types\/product"}],"replies":[{"embeddable":true,"href":"https:\/\/all-pets.de\/shop\/wp-json\/wp\/v2\/comments?post=46104"}],"wp:featuredmedia":[{"embeddable":true,"href":"https:\/\/all-pets.de\/shop\/wp-json\/wp\/v2\/media\/27076"}],"wp:attachment":[{"href":"https:\/\/all-pets.de\/shop\/wp-json\/wp\/v2\/media?parent=46104"}],"wp:term":[{"taxonomy":"product_cat","embeddable":true,"href":"https:\/\/all-pets.de\/shop\/wp-json\/wp\/v2\/product_cat?post=46104"},{"taxonomy":"product_tag","embeddable":true,"href":"https:\/\/all-pets.de\/shop\/wp-json\/wp\/v2\/product_tag?post=46104"}],"curies":[{"name":"wp","href":"https:\/\/api.w.org\/{rel}","templated":true}]}}