{"id":46106,"date":"2023-12-12T10:50:56","date_gmt":"2023-12-12T09:50:56","guid":{"rendered":"https:\/\/pet-shopping.de\/shop\/produkt\/trixie-stroh-rolle-fuer-kleintiere\/"},"modified":"2023-12-12T10:50:56","modified_gmt":"2023-12-12T09:50:56","slug":"trixie-stroh-rolle-fuer-kleintiere","status":"publish","type":"product","link":"https:\/\/all-pets.de\/shop\/produkt\/trixie-stroh-rolle-fuer-kleintiere\/","title":{"rendered":"Trixie Stroh-Rolle f\u00fcr Kleintiere"},"content":{"rendered":"<p>Zum Spielen und Knabbern eignet sich diese Spielrolle aus Stroh ideal. Geeignet f\u00fcr Kaninchen, Meerschweinchen und Kleinnager.<\/p>\n<p>Gr\u00f6\u00dfe: ca. 17 x 4 cm (L\u00e4nge x Durchmesser)<\/p>\n","protected":false},"excerpt":{"rendered":"<p>Zum Spielen und Knabbern eignet sich diese Spielrolle aus Stroh ideal. Geeignet f\u00fcr Kaninchen, Meerschweinchen und Kleinnager. Gr\u00f6\u00dfe: ca. 17 x 4 cm (L\u00e4nge x Durchmesser)<\/p>\n","protected":false},"featured_media":27080,"comment_status":"closed","ping_status":"open","template":"","meta":[],"product_cat":[13745],"product_tag":[],"class_list":{"0":"post-46106","1":"product","2":"type-product","3":"status-publish","4":"has-post-thumbnail","6":"product_cat-spiel-sport","8":"first","9":"instock","10":"taxable","11":"shipping-taxable","12":"purchasable","13":"product-type-simple"},"_links":{"self":[{"href":"https:\/\/all-pets.de\/shop\/wp-json\/wp\/v2\/product\/46106","targetHints":{"allow":["GET"]}}],"collection":[{"href":"https:\/\/all-pets.de\/shop\/wp-json\/wp\/v2\/product"}],"about":[{"href":"https:\/\/all-pets.de\/shop\/wp-json\/wp\/v2\/types\/product"}],"replies":[{"embeddable":true,"href":"https:\/\/all-pets.de\/shop\/wp-json\/wp\/v2\/comments?post=46106"}],"wp:featuredmedia":[{"embeddable":true,"href":"https:\/\/all-pets.de\/shop\/wp-json\/wp\/v2\/media\/27080"}],"wp:attachment":[{"href":"https:\/\/all-pets.de\/shop\/wp-json\/wp\/v2\/media?parent=46106"}],"wp:term":[{"taxonomy":"product_cat","embeddable":true,"href":"https:\/\/all-pets.de\/shop\/wp-json\/wp\/v2\/product_cat?post=46106"},{"taxonomy":"product_tag","embeddable":true,"href":"https:\/\/all-pets.de\/shop\/wp-json\/wp\/v2\/product_tag?post=46106"}],"curies":[{"name":"wp","href":"https:\/\/api.w.org\/{rel}","templated":true}]}}