{"id":46107,"date":"2023-12-12T10:50:56","date_gmt":"2023-12-12T09:50:56","guid":{"rendered":"https:\/\/pet-shopping.de\/shop\/produkt\/trixie-natura-vogelfutterhaus-mit-staender\/"},"modified":"2023-12-12T10:50:56","modified_gmt":"2023-12-12T09:50:56","slug":"trixie-natura-vogelfutterhaus-mit-staender","status":"publish","type":"product","link":"https:\/\/all-pets.de\/shop\/produkt\/trixie-natura-vogelfutterhaus-mit-staender\/","title":{"rendered":"Trixie Natura Vogelfutterhaus mit St\u00e4nder"},"content":{"rendered":"<ul>\n<li>mit gro\u00dffl\u00e4chigem Dach\u00fcberstand<\/li>\n<li>mit besandeter Dachpappe<\/li>\n<li>mit gro\u00dfer Landefl\u00e4che<\/li>\n<li>Kiefernholz, lasiert<\/li>\n<li>Ma\u00dfe: ca. 46 \u00d7 22 \u00d7 44 cm\/1,15 m<\/li>\n<li>Farbe: braun<\/li>\n<\/ul>\n","protected":false},"excerpt":{"rendered":"<p>mit gro\u00dffl\u00e4chigem Dach\u00fcberstand mit besandeter Dachpappe mit gro\u00dfer Landefl\u00e4che Kiefernholz, lasiert Ma\u00dfe: ca. 46 \u00d7 22 \u00d7 44 cm\/1,15 m Farbe: braun<\/p>\n","protected":false},"featured_media":5481,"comment_status":"closed","ping_status":"open","template":"","meta":[],"product_cat":[13813],"product_tag":[],"class_list":{"0":"post-46107","1":"product","2":"type-product","3":"status-publish","4":"has-post-thumbnail","6":"product_cat-futterhaeuser-nistkaesten","8":"first","9":"instock","10":"taxable","11":"shipping-taxable","12":"purchasable","13":"product-type-simple"},"_links":{"self":[{"href":"https:\/\/all-pets.de\/shop\/wp-json\/wp\/v2\/product\/46107","targetHints":{"allow":["GET"]}}],"collection":[{"href":"https:\/\/all-pets.de\/shop\/wp-json\/wp\/v2\/product"}],"about":[{"href":"https:\/\/all-pets.de\/shop\/wp-json\/wp\/v2\/types\/product"}],"replies":[{"embeddable":true,"href":"https:\/\/all-pets.de\/shop\/wp-json\/wp\/v2\/comments?post=46107"}],"wp:featuredmedia":[{"embeddable":true,"href":"https:\/\/all-pets.de\/shop\/wp-json\/wp\/v2\/media\/5481"}],"wp:attachment":[{"href":"https:\/\/all-pets.de\/shop\/wp-json\/wp\/v2\/media?parent=46107"}],"wp:term":[{"taxonomy":"product_cat","embeddable":true,"href":"https:\/\/all-pets.de\/shop\/wp-json\/wp\/v2\/product_cat?post=46107"},{"taxonomy":"product_tag","embeddable":true,"href":"https:\/\/all-pets.de\/shop\/wp-json\/wp\/v2\/product_tag?post=46107"}],"curies":[{"name":"wp","href":"https:\/\/api.w.org\/{rel}","templated":true}]}}