{"id":46108,"date":"2023-12-12T10:50:56","date_gmt":"2023-12-12T09:50:56","guid":{"rendered":"https:\/\/pet-shopping.de\/shop\/produkt\/trixie-knabberhoelzer-gemuese-3-stueck\/"},"modified":"2023-12-12T10:50:56","modified_gmt":"2023-12-12T09:50:56","slug":"trixie-knabberhoelzer-gemuese-3-stueck","status":"publish","type":"product","link":"https:\/\/all-pets.de\/shop\/produkt\/trixie-knabberhoelzer-gemuese-3-stueck\/","title":{"rendered":"Trixie Knabberh\u00f6lzer Gem\u00fcse &#8211; 3 St\u00fcck"},"content":{"rendered":"<p>Der gesunde Spielspa\u00df f\u00fcr Kaninchen und Kleinnager.<\/p>\n<p>kaninchen und Nager haben mei\u00dfelf\u00f6rmige Schneidez\u00e4hne, die keine Wurzeln haben und zeitlebens weiterwachsen. Um \u00fcberm\u00e4\u00dfigem Zahnwuchs vorzubeugen, m\u00fcssen sie eine Gelegenheit haben ihre Z\u00e4hne abzunutzen, um ein Herauswachsen aus dem Maul des Tieres zu vermeiden. Damit Kaninchen und Nager dieses Bed\u00fcrfnis nicht an den M\u00f6beln ausleben, muss man ihnen die M\u00f6glichkeit geben an anderen Gegenst\u00e4nden zu nagen.<\/p>\n<p>Die Knabberh\u00f6lzer sind ein gesunder Spielspa\u00df ohne giftige Farben f\u00fcr Kaninchen und Kleinnager. Das Spielzeug beugt \u00fcberm\u00e4\u00dfigem Zahnwuchs vor und h\u00e4lt die Z\u00e4hne gesund und sauber. <\/p>\n<p>Das Set besteht aus 3 verschiednen Knabberh\u00f6lzern in Gem\u00fcseform mit einer Gr\u00f6\u00dfe von jeweils ca. 10 cm.<\/p>\n","protected":false},"excerpt":{"rendered":"<p>Der gesunde Spielspa\u00df f\u00fcr Kaninchen und Kleinnager. kaninchen und Nager haben mei\u00dfelf\u00f6rmige Schneidez\u00e4hne, die keine Wurzeln haben und zeitlebens weiterwachsen. Um \u00fcberm\u00e4\u00dfigem Zahnwuchs vorzubeugen, m\u00fcssen sie eine Gelegenheit haben ihre Z\u00e4hne abzunutzen, um ein Herauswachsen aus dem Maul des Tieres zu vermeiden. Damit Kaninchen und Nager dieses Bed\u00fcrfnis nicht an den M\u00f6beln ausleben, muss man [&hellip;]<\/p>\n","protected":false},"featured_media":27082,"comment_status":"closed","ping_status":"open","template":"","meta":[],"product_cat":[14294],"product_tag":[],"class_list":{"0":"post-46108","1":"product","2":"type-product","3":"status-publish","4":"has-post-thumbnail","6":"product_cat-zwergkaninchen-kleintierfutter-snacks-2","8":"first","9":"instock","10":"taxable","11":"shipping-taxable","12":"purchasable","13":"product-type-simple"},"_links":{"self":[{"href":"https:\/\/all-pets.de\/shop\/wp-json\/wp\/v2\/product\/46108","targetHints":{"allow":["GET"]}}],"collection":[{"href":"https:\/\/all-pets.de\/shop\/wp-json\/wp\/v2\/product"}],"about":[{"href":"https:\/\/all-pets.de\/shop\/wp-json\/wp\/v2\/types\/product"}],"replies":[{"embeddable":true,"href":"https:\/\/all-pets.de\/shop\/wp-json\/wp\/v2\/comments?post=46108"}],"wp:featuredmedia":[{"embeddable":true,"href":"https:\/\/all-pets.de\/shop\/wp-json\/wp\/v2\/media\/27082"}],"wp:attachment":[{"href":"https:\/\/all-pets.de\/shop\/wp-json\/wp\/v2\/media?parent=46108"}],"wp:term":[{"taxonomy":"product_cat","embeddable":true,"href":"https:\/\/all-pets.de\/shop\/wp-json\/wp\/v2\/product_cat?post=46108"},{"taxonomy":"product_tag","embeddable":true,"href":"https:\/\/all-pets.de\/shop\/wp-json\/wp\/v2\/product_tag?post=46108"}],"curies":[{"name":"wp","href":"https:\/\/api.w.org\/{rel}","templated":true}]}}