{"id":46109,"date":"2023-12-12T10:50:56","date_gmt":"2023-12-12T09:50:56","guid":{"rendered":"https:\/\/pet-shopping.de\/shop\/produkt\/trixie-kletterwand-fuer-kleinnager-16-x-20-cm\/"},"modified":"2023-12-12T10:50:56","modified_gmt":"2023-12-12T09:50:56","slug":"trixie-kletterwand-fuer-kleinnager-16-x-20-cm","status":"publish","type":"product","link":"https:\/\/all-pets.de\/shop\/produkt\/trixie-kletterwand-fuer-kleinnager-16-x-20-cm\/","title":{"rendered":"Trixie Kletterwand f\u00fcr Kleinnager &#8211; 16 x 20 cm"},"content":{"rendered":"<p>Eine stundenlange\u00a0Besch\u00e4ftigung f\u00fcr Ihren Nager!<br \/> Dieses Spielzeug\u00a0ist aus Naturholz und animiert Ihren Liebling\u00a0zur gesunden Bewegungen, die Herz und Lunge trainiert. <\/p>\n<p>Zernagen dieses Spielzeugs durch Ihren Nager ist ganz nat\u00fcrlich und v\u00f6llig ungef\u00e4hrlich da es ein reines Naturprodukt ist.<\/p>\n<p>Die Kletterwand eignet sich f\u00fcr Kleinnager, wie Hamster, M\u00e4use und \u00e4hnlich gro\u00dfe Tiere und ist an der Oberseite mit zwei Haken best\u00fcckt, zum einfachen Einh\u00e4ngen ins K\u00e4figgitter.<\/p>\n<p>Ma\u00dfe: ca. 16,5 x 20 x 3 cm (BxHxT)<\/p>\n","protected":false},"excerpt":{"rendered":"<p>Eine stundenlange\u00a0Besch\u00e4ftigung f\u00fcr Ihren Nager! Dieses Spielzeug\u00a0ist aus Naturholz und animiert Ihren Liebling\u00a0zur gesunden Bewegungen, die Herz und Lunge trainiert. Zernagen dieses Spielzeugs durch Ihren Nager ist ganz nat\u00fcrlich und v\u00f6llig ungef\u00e4hrlich da es ein reines Naturprodukt ist. Die Kletterwand eignet sich f\u00fcr Kleinnager, wie Hamster, M\u00e4use und \u00e4hnlich gro\u00dfe Tiere und ist an der [&hellip;]<\/p>\n","protected":false},"featured_media":27088,"comment_status":"closed","ping_status":"open","template":"","meta":[],"product_cat":[14295],"product_tag":[],"class_list":{"0":"post-46109","1":"product","2":"type-product","3":"status-publish","4":"has-post-thumbnail","6":"product_cat-sitzbretter-leitern-ausstattung-zubehoer-spiel-sportkleintierwelt-ausstattung-zubehoer-kleintierwelt","8":"first","9":"instock","10":"taxable","11":"shipping-taxable","12":"purchasable","13":"product-type-simple"},"_links":{"self":[{"href":"https:\/\/all-pets.de\/shop\/wp-json\/wp\/v2\/product\/46109","targetHints":{"allow":["GET"]}}],"collection":[{"href":"https:\/\/all-pets.de\/shop\/wp-json\/wp\/v2\/product"}],"about":[{"href":"https:\/\/all-pets.de\/shop\/wp-json\/wp\/v2\/types\/product"}],"replies":[{"embeddable":true,"href":"https:\/\/all-pets.de\/shop\/wp-json\/wp\/v2\/comments?post=46109"}],"wp:featuredmedia":[{"embeddable":true,"href":"https:\/\/all-pets.de\/shop\/wp-json\/wp\/v2\/media\/27088"}],"wp:attachment":[{"href":"https:\/\/all-pets.de\/shop\/wp-json\/wp\/v2\/media?parent=46109"}],"wp:term":[{"taxonomy":"product_cat","embeddable":true,"href":"https:\/\/all-pets.de\/shop\/wp-json\/wp\/v2\/product_cat?post=46109"},{"taxonomy":"product_tag","embeddable":true,"href":"https:\/\/all-pets.de\/shop\/wp-json\/wp\/v2\/product_tag?post=46109"}],"curies":[{"name":"wp","href":"https:\/\/api.w.org\/{rel}","templated":true}]}}