{"id":46110,"date":"2023-12-12T10:50:56","date_gmt":"2023-12-12T09:50:56","guid":{"rendered":"https:\/\/pet-shopping.de\/shop\/produkt\/trixie-hamsterhaus-jesper\/"},"modified":"2023-12-12T10:50:57","modified_gmt":"2023-12-12T09:50:57","slug":"trixie-hamsterhaus-jesper","status":"publish","type":"product","link":"https:\/\/all-pets.de\/shop\/produkt\/trixie-hamsterhaus-jesper\/","title":{"rendered":"Trixie Hamsterhaus Jesper"},"content":{"rendered":"<p>Das Eckhaus Jesper aus Naturholz kann in jedem K\u00e4fig Platz sparend aufgestellt werden. Das Flachdach bietet Platz zum Heraufspringen oder -klettern. Diese Gr\u00f6\u00dfe eignet sich ideal f\u00fcr Zwerghamster, M\u00e4use und \u00e4hnlich gro\u00dfe Tiere. <\/p>\n<p>Gesamtma\u00dfe: 22 x 10 x 15,5\/15,5 cm<br \/> Ma\u00dfe Eingang: ca. 4,5 x 6 cm (BxH)<\/p>\n","protected":false},"excerpt":{"rendered":"<p>Das Eckhaus Jesper aus Naturholz kann in jedem K\u00e4fig Platz sparend aufgestellt werden. Das Flachdach bietet Platz zum Heraufspringen oder -klettern. Diese Gr\u00f6\u00dfe eignet sich ideal f\u00fcr Zwerghamster, M\u00e4use und \u00e4hnlich gro\u00dfe Tiere. Gesamtma\u00dfe: 22 x 10 x 15,5\/15,5 cm Ma\u00dfe Eingang: ca. 4,5 x 6 cm (BxH)<\/p>\n","protected":false},"featured_media":27090,"comment_status":"closed","ping_status":"open","template":"","meta":[],"product_cat":[13693],"product_tag":[],"class_list":{"0":"post-46110","1":"product","2":"type-product","3":"status-publish","4":"has-post-thumbnail","6":"product_cat-holzhaeuser","8":"first","9":"instock","10":"taxable","11":"shipping-taxable","12":"purchasable","13":"product-type-simple"},"_links":{"self":[{"href":"https:\/\/all-pets.de\/shop\/wp-json\/wp\/v2\/product\/46110","targetHints":{"allow":["GET"]}}],"collection":[{"href":"https:\/\/all-pets.de\/shop\/wp-json\/wp\/v2\/product"}],"about":[{"href":"https:\/\/all-pets.de\/shop\/wp-json\/wp\/v2\/types\/product"}],"replies":[{"embeddable":true,"href":"https:\/\/all-pets.de\/shop\/wp-json\/wp\/v2\/comments?post=46110"}],"wp:featuredmedia":[{"embeddable":true,"href":"https:\/\/all-pets.de\/shop\/wp-json\/wp\/v2\/media\/27090"}],"wp:attachment":[{"href":"https:\/\/all-pets.de\/shop\/wp-json\/wp\/v2\/media?parent=46110"}],"wp:term":[{"taxonomy":"product_cat","embeddable":true,"href":"https:\/\/all-pets.de\/shop\/wp-json\/wp\/v2\/product_cat?post=46110"},{"taxonomy":"product_tag","embeddable":true,"href":"https:\/\/all-pets.de\/shop\/wp-json\/wp\/v2\/product_tag?post=46110"}],"curies":[{"name":"wp","href":"https:\/\/api.w.org\/{rel}","templated":true}]}}