{"id":46112,"date":"2023-12-12T10:50:56","date_gmt":"2023-12-12T09:50:56","guid":{"rendered":"https:\/\/pet-shopping.de\/shop\/produkt\/trixie-kaninchenhaus-jesper\/"},"modified":"2023-12-12T10:50:57","modified_gmt":"2023-12-12T09:50:57","slug":"trixie-kaninchenhaus-jesper","status":"publish","type":"product","link":"https:\/\/all-pets.de\/shop\/produkt\/trixie-kaninchenhaus-jesper\/","title":{"rendered":"Trixie Kaninchenhaus Jesper"},"content":{"rendered":"<p>Das Eckhaus Jesper aus Naturholz kann in jedem K\u00e4fig Platz sparend aufgestellt werden. Das Flachdach bietet Platz zum Heraufspringen oder -klettern. Diese Gr\u00f6\u00dfe eignet sich ideal f\u00fcr Meerschweinchen, Zwergkaninchen und \u00e4hnlich gro\u00dfe Tiere. <\/p>\n<p>Gesamtma\u00dfe: 42 x 15 x 30\/30 cm<br \/> Ma\u00dfe Eingang: ca. 11 x 10 cm (BxH)<\/p>\n","protected":false},"excerpt":{"rendered":"<p>Das Eckhaus Jesper aus Naturholz kann in jedem K\u00e4fig Platz sparend aufgestellt werden. Das Flachdach bietet Platz zum Heraufspringen oder -klettern. Diese Gr\u00f6\u00dfe eignet sich ideal f\u00fcr Meerschweinchen, Zwergkaninchen und \u00e4hnlich gro\u00dfe Tiere. Gesamtma\u00dfe: 42 x 15 x 30\/30 cm Ma\u00dfe Eingang: ca. 11 x 10 cm (BxH)<\/p>\n","protected":false},"featured_media":27094,"comment_status":"closed","ping_status":"open","template":"","meta":[],"product_cat":[13693],"product_tag":[],"class_list":{"0":"post-46112","1":"product","2":"type-product","3":"status-publish","4":"has-post-thumbnail","6":"product_cat-holzhaeuser","8":"first","9":"instock","10":"taxable","11":"shipping-taxable","12":"purchasable","13":"product-type-simple"},"_links":{"self":[{"href":"https:\/\/all-pets.de\/shop\/wp-json\/wp\/v2\/product\/46112","targetHints":{"allow":["GET"]}}],"collection":[{"href":"https:\/\/all-pets.de\/shop\/wp-json\/wp\/v2\/product"}],"about":[{"href":"https:\/\/all-pets.de\/shop\/wp-json\/wp\/v2\/types\/product"}],"replies":[{"embeddable":true,"href":"https:\/\/all-pets.de\/shop\/wp-json\/wp\/v2\/comments?post=46112"}],"wp:featuredmedia":[{"embeddable":true,"href":"https:\/\/all-pets.de\/shop\/wp-json\/wp\/v2\/media\/27094"}],"wp:attachment":[{"href":"https:\/\/all-pets.de\/shop\/wp-json\/wp\/v2\/media?parent=46112"}],"wp:term":[{"taxonomy":"product_cat","embeddable":true,"href":"https:\/\/all-pets.de\/shop\/wp-json\/wp\/v2\/product_cat?post=46112"},{"taxonomy":"product_tag","embeddable":true,"href":"https:\/\/all-pets.de\/shop\/wp-json\/wp\/v2\/product_tag?post=46112"}],"curies":[{"name":"wp","href":"https:\/\/api.w.org\/{rel}","templated":true}]}}