{"id":46113,"date":"2023-12-12T10:50:56","date_gmt":"2023-12-12T09:50:56","guid":{"rendered":"https:\/\/pet-shopping.de\/shop\/produkt\/trixie-hamster-blockhaus-hanna\/"},"modified":"2023-12-12T10:50:57","modified_gmt":"2023-12-12T09:50:57","slug":"trixie-hamster-blockhaus-hanna","status":"publish","type":"product","link":"https:\/\/all-pets.de\/shop\/produkt\/trixie-hamster-blockhaus-hanna\/","title":{"rendered":"Trixie Hamster-Blockhaus Hanna"},"content":{"rendered":"<p>Das sch\u00f6ne Blockhaus Hanna hat ein Dach in Wellenform, welches selbstverst\u00e4ndlich auch zum Klettern und Ausruhen genutzt werden kann. Das H\u00e4uschen aus Echtholz ist mit einem Fenster ausgestattet, welches ca. 5 cm Durchmesser hat und einer T\u00fcr, die ca. 7,5 x 10 cm gro\u00df ist (BxH). Es eignet sich f\u00fcr Hamster und M\u00e4use, durch den gro\u00dfen Eingang kann es aber auch gut f\u00fcr Degus, W\u00fcstenrennm\u00e4use und \u00e4hnlich gro\u00dfe Tiere genutzt werden. <\/p>\n<p>Gesamtma\u00dfe: ca. 25 x 13 x 16 cm (BxTxH)<\/p>\n","protected":false},"excerpt":{"rendered":"<p>Das sch\u00f6ne Blockhaus Hanna hat ein Dach in Wellenform, welches selbstverst\u00e4ndlich auch zum Klettern und Ausruhen genutzt werden kann. Das H\u00e4uschen aus Echtholz ist mit einem Fenster ausgestattet, welches ca. 5 cm Durchmesser hat und einer T\u00fcr, die ca. 7,5 x 10 cm gro\u00df ist (BxH). Es eignet sich f\u00fcr Hamster und M\u00e4use, durch den [&hellip;]<\/p>\n","protected":false},"featured_media":27096,"comment_status":"closed","ping_status":"open","template":"","meta":[],"product_cat":[13693],"product_tag":[],"class_list":{"0":"post-46113","1":"product","2":"type-product","3":"status-publish","4":"has-post-thumbnail","6":"product_cat-holzhaeuser","8":"first","9":"instock","10":"taxable","11":"shipping-taxable","12":"purchasable","13":"product-type-simple"},"_links":{"self":[{"href":"https:\/\/all-pets.de\/shop\/wp-json\/wp\/v2\/product\/46113","targetHints":{"allow":["GET"]}}],"collection":[{"href":"https:\/\/all-pets.de\/shop\/wp-json\/wp\/v2\/product"}],"about":[{"href":"https:\/\/all-pets.de\/shop\/wp-json\/wp\/v2\/types\/product"}],"replies":[{"embeddable":true,"href":"https:\/\/all-pets.de\/shop\/wp-json\/wp\/v2\/comments?post=46113"}],"wp:featuredmedia":[{"embeddable":true,"href":"https:\/\/all-pets.de\/shop\/wp-json\/wp\/v2\/media\/27096"}],"wp:attachment":[{"href":"https:\/\/all-pets.de\/shop\/wp-json\/wp\/v2\/media?parent=46113"}],"wp:term":[{"taxonomy":"product_cat","embeddable":true,"href":"https:\/\/all-pets.de\/shop\/wp-json\/wp\/v2\/product_cat?post=46113"},{"taxonomy":"product_tag","embeddable":true,"href":"https:\/\/all-pets.de\/shop\/wp-json\/wp\/v2\/product_tag?post=46113"}],"curies":[{"name":"wp","href":"https:\/\/api.w.org\/{rel}","templated":true}]}}