{"id":46114,"date":"2023-12-12T10:50:56","date_gmt":"2023-12-12T09:50:56","guid":{"rendered":"https:\/\/pet-shopping.de\/shop\/produkt\/trixie-meerschweinchen-blockhaus-hanna\/"},"modified":"2023-12-12T10:50:57","modified_gmt":"2023-12-12T09:50:57","slug":"trixie-meerschweinchen-blockhaus-hanna","status":"publish","type":"product","link":"https:\/\/all-pets.de\/shop\/produkt\/trixie-meerschweinchen-blockhaus-hanna\/","title":{"rendered":"Trixie Meerschweinchen-Blockhaus Hanna"},"content":{"rendered":"<p>Das sch\u00f6ne Blockhaus Hanna hat ein Dach in Wellenform, welches selbstverst\u00e4ndlich auch zum Klettern und Ausruhen genutzt werden kann. Das H\u00e4uschen aus Echtholz ist mit einem Fenster ausgestattet, welches ca. 8 cm Durchmesser hat und einer T\u00fcr, die ca. 9 x 12 cm gro\u00df ist (BxH). Es eignet sich f\u00fcr Meerschweinchen, Degus und \u00e4hnlich gro\u00dfe \/ kleinere Tiere.<\/p>\n<p>Gesamtma\u00dfe: ca. 35 x 20 x 18,5 cm (BxTxH)<\/p>\n","protected":false},"excerpt":{"rendered":"<p>Das sch\u00f6ne Blockhaus Hanna hat ein Dach in Wellenform, welches selbstverst\u00e4ndlich auch zum Klettern und Ausruhen genutzt werden kann. Das H\u00e4uschen aus Echtholz ist mit einem Fenster ausgestattet, welches ca. 8 cm Durchmesser hat und einer T\u00fcr, die ca. 9 x 12 cm gro\u00df ist (BxH). Es eignet sich f\u00fcr Meerschweinchen, Degus und \u00e4hnlich gro\u00dfe [&hellip;]<\/p>\n","protected":false},"featured_media":27098,"comment_status":"closed","ping_status":"open","template":"","meta":[],"product_cat":[13693],"product_tag":[],"class_list":{"0":"post-46114","1":"product","2":"type-product","3":"status-publish","4":"has-post-thumbnail","6":"product_cat-holzhaeuser","8":"first","9":"instock","10":"taxable","11":"shipping-taxable","12":"purchasable","13":"product-type-simple"},"_links":{"self":[{"href":"https:\/\/all-pets.de\/shop\/wp-json\/wp\/v2\/product\/46114","targetHints":{"allow":["GET"]}}],"collection":[{"href":"https:\/\/all-pets.de\/shop\/wp-json\/wp\/v2\/product"}],"about":[{"href":"https:\/\/all-pets.de\/shop\/wp-json\/wp\/v2\/types\/product"}],"replies":[{"embeddable":true,"href":"https:\/\/all-pets.de\/shop\/wp-json\/wp\/v2\/comments?post=46114"}],"wp:featuredmedia":[{"embeddable":true,"href":"https:\/\/all-pets.de\/shop\/wp-json\/wp\/v2\/media\/27098"}],"wp:attachment":[{"href":"https:\/\/all-pets.de\/shop\/wp-json\/wp\/v2\/media?parent=46114"}],"wp:term":[{"taxonomy":"product_cat","embeddable":true,"href":"https:\/\/all-pets.de\/shop\/wp-json\/wp\/v2\/product_cat?post=46114"},{"taxonomy":"product_tag","embeddable":true,"href":"https:\/\/all-pets.de\/shop\/wp-json\/wp\/v2\/product_tag?post=46114"}],"curies":[{"name":"wp","href":"https:\/\/api.w.org\/{rel}","templated":true}]}}