{"id":46116,"date":"2023-12-12T10:50:56","date_gmt":"2023-12-12T09:50:56","guid":{"rendered":"https:\/\/pet-shopping.de\/shop\/produkt\/trixie-bruecke-zum-verlassen-des-kaefigs\/"},"modified":"2023-12-12T10:50:57","modified_gmt":"2023-12-12T09:50:57","slug":"trixie-bruecke-zum-verlassen-des-kaefigs","status":"publish","type":"product","link":"https:\/\/all-pets.de\/shop\/produkt\/trixie-bruecke-zum-verlassen-des-kaefigs\/","title":{"rendered":"Trixie Br\u00fccke zum Verlassen des K\u00e4figs"},"content":{"rendered":"<p>Praktische Rampe zum einfachen und sicheren Verlassen und Betreten des K\u00e4figs. Verhindert dass das Tier beim Herausspringen z.B. mit der Pfote h\u00e4ngenbleibt. Geeignet f\u00fcr Meerschweinchen, Kaninchen und andere Kleinnager. Kann bei Nichtgebrauch platzsparend verstaut werden.<\/p>\n<p>Ma\u00dfe: ca. 63 x 15 x 18 cm <\/p>\n","protected":false},"excerpt":{"rendered":"<p>Praktische Rampe zum einfachen und sicheren Verlassen und Betreten des K\u00e4figs. Verhindert dass das Tier beim Herausspringen z.B. mit der Pfote h\u00e4ngenbleibt. Geeignet f\u00fcr Meerschweinchen, Kaninchen und andere Kleinnager. Kann bei Nichtgebrauch platzsparend verstaut werden. Ma\u00dfe: ca. 63 x 15 x 18 cm<\/p>\n","protected":false},"featured_media":27102,"comment_status":"closed","ping_status":"open","template":"","meta":[],"product_cat":[14284],"product_tag":[],"class_list":{"0":"post-46116","1":"product","2":"type-product","3":"status-publish","4":"has-post-thumbnail","6":"product_cat-tunnel-hoehlen-bruecken-ausstattung-zubehoer-kleintierwelt","8":"first","9":"instock","10":"taxable","11":"shipping-taxable","12":"purchasable","13":"product-type-simple"},"_links":{"self":[{"href":"https:\/\/all-pets.de\/shop\/wp-json\/wp\/v2\/product\/46116","targetHints":{"allow":["GET"]}}],"collection":[{"href":"https:\/\/all-pets.de\/shop\/wp-json\/wp\/v2\/product"}],"about":[{"href":"https:\/\/all-pets.de\/shop\/wp-json\/wp\/v2\/types\/product"}],"replies":[{"embeddable":true,"href":"https:\/\/all-pets.de\/shop\/wp-json\/wp\/v2\/comments?post=46116"}],"wp:featuredmedia":[{"embeddable":true,"href":"https:\/\/all-pets.de\/shop\/wp-json\/wp\/v2\/media\/27102"}],"wp:attachment":[{"href":"https:\/\/all-pets.de\/shop\/wp-json\/wp\/v2\/media?parent=46116"}],"wp:term":[{"taxonomy":"product_cat","embeddable":true,"href":"https:\/\/all-pets.de\/shop\/wp-json\/wp\/v2\/product_cat?post=46116"},{"taxonomy":"product_tag","embeddable":true,"href":"https:\/\/all-pets.de\/shop\/wp-json\/wp\/v2\/product_tag?post=46116"}],"curies":[{"name":"wp","href":"https:\/\/api.w.org\/{rel}","templated":true}]}}