{"id":46118,"date":"2023-12-12T10:50:56","date_gmt":"2023-12-12T09:50:56","guid":{"rendered":"https:\/\/pet-shopping.de\/shop\/produkt\/trixie-blockhaus-jerrik-fuer-kaninchen-etc\/"},"modified":"2023-12-12T10:50:57","modified_gmt":"2023-12-12T09:50:57","slug":"trixie-blockhaus-jerrik-fuer-kaninchen-etc","status":"publish","type":"product","link":"https:\/\/all-pets.de\/shop\/produkt\/trixie-blockhaus-jerrik-fuer-kaninchen-etc\/","title":{"rendered":"Trixie Blockhaus Jerrik f\u00fcr Kaninchen etc."},"content":{"rendered":"<p>Das H\u00e4uschen Jerrik aus Echtholz ist mit einem Fenster ausgestattet, welches ca. 8 cm Durchmesser hat und einer T\u00fcr, die ca. 10 x 14 cm gro\u00df ist (BxH). Es eignet sich durch den gro\u00dfen Eingang f\u00fcr Kaninchen, aber auch ideal f\u00fcr kleinere Tiere, wie z.B. Meerschweinchen.<\/p>\n<p>Au\u00dfenma\u00dfe: ca. 40 x 23,5 x 21,5 cm (BxTxH)<\/p>\n","protected":false},"excerpt":{"rendered":"<p>Das H\u00e4uschen Jerrik aus Echtholz ist mit einem Fenster ausgestattet, welches ca. 8 cm Durchmesser hat und einer T\u00fcr, die ca. 10 x 14 cm gro\u00df ist (BxH). Es eignet sich durch den gro\u00dfen Eingang f\u00fcr Kaninchen, aber auch ideal f\u00fcr kleinere Tiere, wie z.B. Meerschweinchen. Au\u00dfenma\u00dfe: ca. 40 x 23,5 x 21,5 cm (BxTxH)<\/p>\n","protected":false},"featured_media":27114,"comment_status":"closed","ping_status":"open","template":"","meta":[],"product_cat":[13693],"product_tag":[],"class_list":{"0":"post-46118","1":"product","2":"type-product","3":"status-publish","4":"has-post-thumbnail","6":"product_cat-holzhaeuser","8":"first","9":"instock","10":"taxable","11":"shipping-taxable","12":"purchasable","13":"product-type-simple"},"_links":{"self":[{"href":"https:\/\/all-pets.de\/shop\/wp-json\/wp\/v2\/product\/46118","targetHints":{"allow":["GET"]}}],"collection":[{"href":"https:\/\/all-pets.de\/shop\/wp-json\/wp\/v2\/product"}],"about":[{"href":"https:\/\/all-pets.de\/shop\/wp-json\/wp\/v2\/types\/product"}],"replies":[{"embeddable":true,"href":"https:\/\/all-pets.de\/shop\/wp-json\/wp\/v2\/comments?post=46118"}],"wp:featuredmedia":[{"embeddable":true,"href":"https:\/\/all-pets.de\/shop\/wp-json\/wp\/v2\/media\/27114"}],"wp:attachment":[{"href":"https:\/\/all-pets.de\/shop\/wp-json\/wp\/v2\/media?parent=46118"}],"wp:term":[{"taxonomy":"product_cat","embeddable":true,"href":"https:\/\/all-pets.de\/shop\/wp-json\/wp\/v2\/product_cat?post=46118"},{"taxonomy":"product_tag","embeddable":true,"href":"https:\/\/all-pets.de\/shop\/wp-json\/wp\/v2\/product_tag?post=46118"}],"curies":[{"name":"wp","href":"https:\/\/api.w.org\/{rel}","templated":true}]}}