{"id":46119,"date":"2023-12-12T10:50:56","date_gmt":"2023-12-12T09:50:56","guid":{"rendered":"https:\/\/pet-shopping.de\/shop\/produkt\/trixie-haengebruecke-55-x-7-cm\/"},"modified":"2023-12-12T10:50:57","modified_gmt":"2023-12-12T09:50:57","slug":"trixie-haengebruecke-55-x-7-cm","status":"publish","type":"product","link":"https:\/\/all-pets.de\/shop\/produkt\/trixie-haengebruecke-55-x-7-cm\/","title":{"rendered":"Trixie H\u00e4ngebr\u00fccke &#8211; 55 x 7 cm"},"content":{"rendered":"<p>Diese H\u00e4ngebr\u00fccke bietet Ihrem Tier Kletterspa\u00df und gleichzeitig Training.<\/p>\n<p>Die H\u00e4ngebr\u00fccke wird mit den Enden an zwei beliebigen Stellen im K\u00e4fig befestigt, wof\u00fcr an beiden Enden selbstverst\u00e4ndlich entsprechende Haken angebracht sind. <\/p>\n<p>Die H\u00e4ngebr\u00fccke ist flexibel und kann z.B. in Wellenform im K\u00e4fig angebracht werden. Da die Leiter keine Sprossenzwischenr\u00e4ume hat, wird dem Hamster ein problemloses Auf- und Absteigen erm\u00f6glicht und es besteht keine Gefahr, dass er mit Krallen oder F\u00fc\u00dfen h\u00e4ngenbleibt.<\/p>\n<p>Ma\u00dfe: ca. 7 x 55 cm (BxL)<\/p>\n","protected":false},"excerpt":{"rendered":"<p>Diese H\u00e4ngebr\u00fccke bietet Ihrem Tier Kletterspa\u00df und gleichzeitig Training. Die H\u00e4ngebr\u00fccke wird mit den Enden an zwei beliebigen Stellen im K\u00e4fig befestigt, wof\u00fcr an beiden Enden selbstverst\u00e4ndlich entsprechende Haken angebracht sind. Die H\u00e4ngebr\u00fccke ist flexibel und kann z.B. in Wellenform im K\u00e4fig angebracht werden. Da die Leiter keine Sprossenzwischenr\u00e4ume hat, wird dem Hamster ein problemloses [&hellip;]<\/p>\n","protected":false},"featured_media":27116,"comment_status":"closed","ping_status":"open","template":"","meta":[],"product_cat":[14284],"product_tag":[],"class_list":{"0":"post-46119","1":"product","2":"type-product","3":"status-publish","4":"has-post-thumbnail","6":"product_cat-tunnel-hoehlen-bruecken-ausstattung-zubehoer-kleintierwelt","8":"first","9":"instock","10":"taxable","11":"shipping-taxable","12":"purchasable","13":"product-type-simple"},"_links":{"self":[{"href":"https:\/\/all-pets.de\/shop\/wp-json\/wp\/v2\/product\/46119","targetHints":{"allow":["GET"]}}],"collection":[{"href":"https:\/\/all-pets.de\/shop\/wp-json\/wp\/v2\/product"}],"about":[{"href":"https:\/\/all-pets.de\/shop\/wp-json\/wp\/v2\/types\/product"}],"replies":[{"embeddable":true,"href":"https:\/\/all-pets.de\/shop\/wp-json\/wp\/v2\/comments?post=46119"}],"wp:featuredmedia":[{"embeddable":true,"href":"https:\/\/all-pets.de\/shop\/wp-json\/wp\/v2\/media\/27116"}],"wp:attachment":[{"href":"https:\/\/all-pets.de\/shop\/wp-json\/wp\/v2\/media?parent=46119"}],"wp:term":[{"taxonomy":"product_cat","embeddable":true,"href":"https:\/\/all-pets.de\/shop\/wp-json\/wp\/v2\/product_cat?post=46119"},{"taxonomy":"product_tag","embeddable":true,"href":"https:\/\/all-pets.de\/shop\/wp-json\/wp\/v2\/product_tag?post=46119"}],"curies":[{"name":"wp","href":"https:\/\/api.w.org\/{rel}","templated":true}]}}