{"id":46120,"date":"2023-12-12T10:50:56","date_gmt":"2023-12-12T09:50:56","guid":{"rendered":"https:\/\/pet-shopping.de\/shop\/produkt\/trixie-nager-spielplatz-janne-zum-einhaengen\/"},"modified":"2023-12-12T10:50:57","modified_gmt":"2023-12-12T09:50:57","slug":"trixie-nager-spielplatz-janne-zum-einhaengen","status":"publish","type":"product","link":"https:\/\/all-pets.de\/shop\/produkt\/trixie-nager-spielplatz-janne-zum-einhaengen\/","title":{"rendered":"Trixie Nager-Spielplatz Janne zum Einh\u00e4ngen"},"content":{"rendered":"<p>Spiel und Spa\u00df f\u00fcr alle Kleinnager wie Hamster, M\u00e4use und \u00e4hnlich gro\u00dfe Tiere bietet der Spielplatz Janne, der einfach im K\u00e4figgitter eingehangen wird und sofort bekletterbar ist.<\/p>\n<p>Der Spielplatz besteht aus einer Plattform mit Haus, einer H\u00e4ngebr\u00fccke, einer Leiter und einem Spielseil.<\/p>\n<p>Gesamtma\u00dfe: ca. 26 x 22 cm<\/p>\n","protected":false},"excerpt":{"rendered":"<p>Spiel und Spa\u00df f\u00fcr alle Kleinnager wie Hamster, M\u00e4use und \u00e4hnlich gro\u00dfe Tiere bietet der Spielplatz Janne, der einfach im K\u00e4figgitter eingehangen wird und sofort bekletterbar ist. Der Spielplatz besteht aus einer Plattform mit Haus, einer H\u00e4ngebr\u00fccke, einer Leiter und einem Spielseil. Gesamtma\u00dfe: ca. 26 x 22 cm<\/p>\n","protected":false},"featured_media":27118,"comment_status":"closed","ping_status":"open","template":"","meta":[],"product_cat":[14287],"product_tag":[],"class_list":{"0":"post-46120","1":"product","2":"type-product","3":"status-publish","4":"has-post-thumbnail","6":"product_cat-holzhaeuser-ausstattung-zubehoer-spiel-sportkleintierwelt-ausstattung-zubehoer-kleintierwelt","8":"first","9":"instock","10":"taxable","11":"shipping-taxable","12":"purchasable","13":"product-type-simple"},"_links":{"self":[{"href":"https:\/\/all-pets.de\/shop\/wp-json\/wp\/v2\/product\/46120","targetHints":{"allow":["GET"]}}],"collection":[{"href":"https:\/\/all-pets.de\/shop\/wp-json\/wp\/v2\/product"}],"about":[{"href":"https:\/\/all-pets.de\/shop\/wp-json\/wp\/v2\/types\/product"}],"replies":[{"embeddable":true,"href":"https:\/\/all-pets.de\/shop\/wp-json\/wp\/v2\/comments?post=46120"}],"wp:featuredmedia":[{"embeddable":true,"href":"https:\/\/all-pets.de\/shop\/wp-json\/wp\/v2\/media\/27118"}],"wp:attachment":[{"href":"https:\/\/all-pets.de\/shop\/wp-json\/wp\/v2\/media?parent=46120"}],"wp:term":[{"taxonomy":"product_cat","embeddable":true,"href":"https:\/\/all-pets.de\/shop\/wp-json\/wp\/v2\/product_cat?post=46120"},{"taxonomy":"product_tag","embeddable":true,"href":"https:\/\/all-pets.de\/shop\/wp-json\/wp\/v2\/product_tag?post=46120"}],"curies":[{"name":"wp","href":"https:\/\/api.w.org\/{rel}","templated":true}]}}