{"id":46121,"date":"2023-12-12T10:50:56","date_gmt":"2023-12-12T09:50:56","guid":{"rendered":"https:\/\/pet-shopping.de\/shop\/produkt\/trixie-holzblock-mit-schraubbefestigung-7-x-10-cm\/"},"modified":"2024-10-01T23:45:02","modified_gmt":"2024-10-01T21:45:02","slug":"trixie-holzblock-mit-schraubbefestigung-7-x-10-cm","status":"publish","type":"product","link":"https:\/\/all-pets.de\/shop\/produkt\/trixie-holzblock-mit-schraubbefestigung-7-x-10-cm\/","title":{"rendered":"Trixie Holzblock mit Schraubbefestigung &#8211; 7 x 10 cm"},"content":{"rendered":"<p>Holzblock f\u00fcr Kleinnager wie Hamster oder M\u00e4use. Mit Schraubbefestigung f\u00fcr K\u00e4figgitter, z.B. als Kletterhilfe zum Erreichen h\u00f6herer Ebenen.<\/p>\n<p>Ma\u00dfe: ca. 10 x 7 cm (LxB)<\/p>\n","protected":false},"excerpt":{"rendered":"<p>Holzblock f\u00fcr Kleinnager wie Hamster oder M\u00e4use. Mit Schraubbefestigung f\u00fcr K\u00e4figgitter, z.B. als Kletterhilfe zum Erreichen h\u00f6herer Ebenen. Ma\u00dfe: ca. 10 x 7 cm (LxB)<\/p>\n","protected":false},"featured_media":27120,"comment_status":"closed","ping_status":"open","template":"","meta":[],"product_cat":[14297],"product_tag":[],"class_list":{"0":"post-46121","1":"product","2":"type-product","3":"status-publish","4":"has-post-thumbnail","6":"product_cat-spiel-sport-ausstattung-zubehoer-sitzbretter-leiternkleintierwelt","8":"first","9":"instock","10":"taxable","11":"shipping-taxable","12":"purchasable","13":"product-type-simple"},"_links":{"self":[{"href":"https:\/\/all-pets.de\/shop\/wp-json\/wp\/v2\/product\/46121","targetHints":{"allow":["GET"]}}],"collection":[{"href":"https:\/\/all-pets.de\/shop\/wp-json\/wp\/v2\/product"}],"about":[{"href":"https:\/\/all-pets.de\/shop\/wp-json\/wp\/v2\/types\/product"}],"replies":[{"embeddable":true,"href":"https:\/\/all-pets.de\/shop\/wp-json\/wp\/v2\/comments?post=46121"}],"wp:featuredmedia":[{"embeddable":true,"href":"https:\/\/all-pets.de\/shop\/wp-json\/wp\/v2\/media\/27120"}],"wp:attachment":[{"href":"https:\/\/all-pets.de\/shop\/wp-json\/wp\/v2\/media?parent=46121"}],"wp:term":[{"taxonomy":"product_cat","embeddable":true,"href":"https:\/\/all-pets.de\/shop\/wp-json\/wp\/v2\/product_cat?post=46121"},{"taxonomy":"product_tag","embeddable":true,"href":"https:\/\/all-pets.de\/shop\/wp-json\/wp\/v2\/product_tag?post=46121"}],"curies":[{"name":"wp","href":"https:\/\/api.w.org\/{rel}","templated":true}]}}