{"id":46124,"date":"2023-12-12T10:50:58","date_gmt":"2023-12-12T09:50:58","guid":{"rendered":"https:\/\/pet-shopping.de\/shop\/produkt\/trixie-natura-kleintierhaus-42-x-43-x-51-cm\/"},"modified":"2023-12-12T10:50:58","modified_gmt":"2023-12-12T09:50:58","slug":"trixie-natura-kleintierhaus-42-x-43-x-51-cm","status":"publish","type":"product","link":"https:\/\/all-pets.de\/shop\/produkt\/trixie-natura-kleintierhaus-42-x-43-x-51-cm\/","title":{"rendered":"Trixie Natura Kleintierhaus &#8211; 42 x 43 x 51 cm"},"content":{"rendered":"<ul>\n<li>f\u00fcr Kaninchen und Meerschweinchen<\/li>\n<li>aus lasiertem Kiefernholz<\/li>\n<li>Dach mit besandeter Dachpappe<\/li>\n<li>Dach von oben zu \u00f6ffnen<\/li>\n<li>seitlicher Haken verhindert das Aufklappen des Daches durch z. B. starken Wind<\/li>\n<li>verschlie\u00dfbare T\u00fcrklappe<\/li>\n<li>Beine sch\u00fctzen vor Bodenfeuchte sowie -k\u00e4lte und sorgen f\u00fcr ein gute Luftzirkulation unterhalb des Hauses<\/li>\n<li>passend f\u00fcr diverse Freilaufgehege<\/li>\n<\/ul>\n<p>Gr\u00f6\u00dfe: 42 x 43 x 51 cm<\/p>\n","protected":false},"excerpt":{"rendered":"<p>f\u00fcr Kaninchen und Meerschweinchen aus lasiertem Kiefernholz Dach mit besandeter Dachpappe Dach von oben zu \u00f6ffnen seitlicher Haken verhindert das Aufklappen des Daches durch z. B. starken Wind verschlie\u00dfbare T\u00fcrklappe Beine sch\u00fctzen vor Bodenfeuchte sowie -k\u00e4lte und sorgen f\u00fcr ein gute Luftzirkulation unterhalb des Hauses passend f\u00fcr diverse Freilaufgehege Gr\u00f6\u00dfe: 42 x 43 x 51 [&hellip;]<\/p>\n","protected":false},"featured_media":27126,"comment_status":"closed","ping_status":"open","template":"","meta":[],"product_cat":[14300],"product_tag":[],"class_list":{"0":"post-46124","1":"product","2":"type-product","3":"status-publish","4":"has-post-thumbnail","6":"product_cat-holzhaeuser-ausstattung-zubehoer-freigehege-fuer-kleintierekleintierwelt-aussenstaellekleintierwelt","8":"first","9":"instock","10":"taxable","11":"shipping-taxable","12":"purchasable","13":"product-type-simple"},"_links":{"self":[{"href":"https:\/\/all-pets.de\/shop\/wp-json\/wp\/v2\/product\/46124","targetHints":{"allow":["GET"]}}],"collection":[{"href":"https:\/\/all-pets.de\/shop\/wp-json\/wp\/v2\/product"}],"about":[{"href":"https:\/\/all-pets.de\/shop\/wp-json\/wp\/v2\/types\/product"}],"replies":[{"embeddable":true,"href":"https:\/\/all-pets.de\/shop\/wp-json\/wp\/v2\/comments?post=46124"}],"wp:featuredmedia":[{"embeddable":true,"href":"https:\/\/all-pets.de\/shop\/wp-json\/wp\/v2\/media\/27126"}],"wp:attachment":[{"href":"https:\/\/all-pets.de\/shop\/wp-json\/wp\/v2\/media?parent=46124"}],"wp:term":[{"taxonomy":"product_cat","embeddable":true,"href":"https:\/\/all-pets.de\/shop\/wp-json\/wp\/v2\/product_cat?post=46124"},{"taxonomy":"product_tag","embeddable":true,"href":"https:\/\/all-pets.de\/shop\/wp-json\/wp\/v2\/product_tag?post=46124"}],"curies":[{"name":"wp","href":"https:\/\/api.w.org\/{rel}","templated":true}]}}