{"id":46126,"date":"2023-12-12T10:50:58","date_gmt":"2023-12-12T09:50:58","guid":{"rendered":"https:\/\/pet-shopping.de\/shop\/produkt\/trixie-freilaufgehege-mit-netz-verzinkt-o-126-x-58-cm\/"},"modified":"2023-12-12T10:50:59","modified_gmt":"2023-12-12T09:50:59","slug":"trixie-freilaufgehege-mit-netz-verzinkt-o-126-x-58-cm","status":"publish","type":"product","link":"https:\/\/all-pets.de\/shop\/produkt\/trixie-freilaufgehege-mit-netz-verzinkt-o-126-x-58-cm\/","title":{"rendered":"Trixie Freilaufgehege mit Netz, verzinkt &#8211; \u00f8 126 \u00d7 58 cm"},"content":{"rendered":"<div class=\"mb-3 row\">\n<div class=\"col\">\n<ul>\n<li>\n<ul>\n<ul>\n<li>6 Elemente a 63 \u00d7 58 cm<\/li>\n<li>mit Schutznetz, Maschenweite: 1 \u00d7 1 cm<\/li>\n<li>mit T\u00fcr<\/li>\n<li>erweiterbar durch zus\u00e4tzliche Elemente<\/li>\n<li>inklusive Heringe<\/li>\n<li>Metall, verzinkt<\/li>\n<li>wetterfest<\/li>\n<li>Ma\u00dfe: ca. \u00f8 126 \u00d7 58 cm<\/li>\n<\/ul>\n<\/ul>\n<\/li>\n<\/ul>\n<\/div>\n<\/div>\n","protected":false},"excerpt":{"rendered":"<p>6 Elemente a 63 \u00d7 58 cm mit Schutznetz, Maschenweite: 1 \u00d7 1 cm mit T\u00fcr erweiterbar durch zus\u00e4tzliche Elemente inklusive Heringe Metall, verzinkt wetterfest Ma\u00dfe: ca. \u00f8 126 \u00d7 58 cm<\/p>\n","protected":false},"featured_media":46127,"comment_status":"closed","ping_status":"open","template":"","meta":[],"product_cat":[13899],"product_tag":[],"class_list":{"0":"post-46126","1":"product","2":"type-product","3":"status-publish","4":"has-post-thumbnail","6":"product_cat-freigehege-fuer-kleintiere","8":"first","9":"instock","10":"taxable","11":"shipping-taxable","12":"purchasable","13":"product-type-simple"},"_links":{"self":[{"href":"https:\/\/all-pets.de\/shop\/wp-json\/wp\/v2\/product\/46126","targetHints":{"allow":["GET"]}}],"collection":[{"href":"https:\/\/all-pets.de\/shop\/wp-json\/wp\/v2\/product"}],"about":[{"href":"https:\/\/all-pets.de\/shop\/wp-json\/wp\/v2\/types\/product"}],"replies":[{"embeddable":true,"href":"https:\/\/all-pets.de\/shop\/wp-json\/wp\/v2\/comments?post=46126"}],"wp:featuredmedia":[{"embeddable":true,"href":"https:\/\/all-pets.de\/shop\/wp-json\/wp\/v2\/media\/46127"}],"wp:attachment":[{"href":"https:\/\/all-pets.de\/shop\/wp-json\/wp\/v2\/media?parent=46126"}],"wp:term":[{"taxonomy":"product_cat","embeddable":true,"href":"https:\/\/all-pets.de\/shop\/wp-json\/wp\/v2\/product_cat?post=46126"},{"taxonomy":"product_tag","embeddable":true,"href":"https:\/\/all-pets.de\/shop\/wp-json\/wp\/v2\/product_tag?post=46126"}],"curies":[{"name":"wp","href":"https:\/\/api.w.org\/{rel}","templated":true}]}}