{"id":46130,"date":"2023-12-12T10:50:58","date_gmt":"2023-12-12T09:50:58","guid":{"rendered":"https:\/\/pet-shopping.de\/shop\/produkt\/trixie-ecktoilette-mit-dach-fuer-kleinnager\/"},"modified":"2023-12-12T10:50:59","modified_gmt":"2023-12-12T09:50:59","slug":"trixie-ecktoilette-mit-dach-fuer-kleinnager","status":"publish","type":"product","link":"https:\/\/all-pets.de\/shop\/produkt\/trixie-ecktoilette-mit-dach-fuer-kleinnager\/","title":{"rendered":"Trixie Ecktoilette mit Dach f\u00fcr Kleinnager"},"content":{"rendered":"<p>Die Ecktoilette mit Dach aus Kunststoff erleichtert die Sauberhaltung des K\u00e4figs. Sie ist hygienisch und leicht zu reinigen und spart Streu. Mit Streul\u00f6ffel. <\/p>\n<p>Diverse Farben. Eine Farbwahl ist leider nicht m\u00f6glich, da die Farbe je nach Lagerbestand gew\u00e4hlt wird.<\/p>\n<p>Ma\u00dfe: ca. 14 \u00d7 8 \u00d7 11\/11 cm<\/p>\n","protected":false},"excerpt":{"rendered":"<p>Die Ecktoilette mit Dach aus Kunststoff erleichtert die Sauberhaltung des K\u00e4figs. Sie ist hygienisch und leicht zu reinigen und spart Streu. Mit Streul\u00f6ffel. Diverse Farben. Eine Farbwahl ist leider nicht m\u00f6glich, da die Farbe je nach Lagerbestand gew\u00e4hlt wird. Ma\u00dfe: ca. 14 \u00d7 8 \u00d7 11\/11 cm<\/p>\n","protected":false},"featured_media":27144,"comment_status":"closed","ping_status":"open","template":"","meta":[],"product_cat":[14301],"product_tag":[],"class_list":{"0":"post-46130","1":"product","2":"type-product","3":"status-publish","4":"has-post-thumbnail","6":"product_cat-toiletten-ausstattung-zubehoer-kleintierwelt","8":"first","9":"instock","10":"taxable","11":"shipping-taxable","12":"purchasable","13":"product-type-simple"},"_links":{"self":[{"href":"https:\/\/all-pets.de\/shop\/wp-json\/wp\/v2\/product\/46130","targetHints":{"allow":["GET"]}}],"collection":[{"href":"https:\/\/all-pets.de\/shop\/wp-json\/wp\/v2\/product"}],"about":[{"href":"https:\/\/all-pets.de\/shop\/wp-json\/wp\/v2\/types\/product"}],"replies":[{"embeddable":true,"href":"https:\/\/all-pets.de\/shop\/wp-json\/wp\/v2\/comments?post=46130"}],"wp:featuredmedia":[{"embeddable":true,"href":"https:\/\/all-pets.de\/shop\/wp-json\/wp\/v2\/media\/27144"}],"wp:attachment":[{"href":"https:\/\/all-pets.de\/shop\/wp-json\/wp\/v2\/media?parent=46130"}],"wp:term":[{"taxonomy":"product_cat","embeddable":true,"href":"https:\/\/all-pets.de\/shop\/wp-json\/wp\/v2\/product_cat?post=46130"},{"taxonomy":"product_tag","embeddable":true,"href":"https:\/\/all-pets.de\/shop\/wp-json\/wp\/v2\/product_tag?post=46130"}],"curies":[{"name":"wp","href":"https:\/\/api.w.org\/{rel}","templated":true}]}}