{"id":46131,"date":"2023-12-12T10:50:58","date_gmt":"2023-12-12T09:50:58","guid":{"rendered":"https:\/\/pet-shopping.de\/shop\/produkt\/trixie-fresh-n-easy-kleintiertoilettenstreu-1-l\/"},"modified":"2023-12-12T10:50:59","modified_gmt":"2023-12-12T09:50:59","slug":"trixie-fresh-n-easy-kleintiertoilettenstreu-1-l","status":"publish","type":"product","link":"https:\/\/all-pets.de\/shop\/produkt\/trixie-fresh-n-easy-kleintiertoilettenstreu-1-l\/","title":{"rendered":"Trixie Fresh n Easy Kleintiertoilettenstreu &#8211; 1 l"},"content":{"rendered":"<p>Silikatstreu f\u00fcr Kaninchen, Hamster, M\u00e4use, Ratten, Frettchen und Reptilien.<\/p>\n<p>Ein Streu gegen unangenehme Ger\u00fcche! <\/p>\n<p>&#8211; einfach in der Anwendung<br \/> &#8211; nat\u00fcrlich und Umweltfreundlich<br \/> &#8211; ungiftig<br \/> &#8211; Bakterien hemmend<br \/> &#8211; angenehm leicht<br \/> &#8211; sparsam<br \/> &#8211; staubfrei auch f\u00fcr Allergiker geeignet<\/p>\n","protected":false},"excerpt":{"rendered":"<p>Silikatstreu f\u00fcr Kaninchen, Hamster, M\u00e4use, Ratten, Frettchen und Reptilien. Ein Streu gegen unangenehme Ger\u00fcche! &#8211; einfach in der Anwendung &#8211; nat\u00fcrlich und Umweltfreundlich &#8211; ungiftig &#8211; Bakterien hemmend &#8211; angenehm leicht &#8211; sparsam &#8211; staubfrei auch f\u00fcr Allergiker geeignet<\/p>\n","protected":false},"featured_media":27148,"comment_status":"closed","ping_status":"open","template":"","meta":[],"product_cat":[14001],"product_tag":[],"class_list":{"0":"post-46131","1":"product","2":"type-product","3":"status-publish","4":"has-post-thumbnail","6":"product_cat-einstreu-nistmaterial-ausstattung-zubehoer-kleintierwelt","8":"first","9":"instock","10":"taxable","11":"shipping-taxable","12":"purchasable","13":"product-type-simple"},"_links":{"self":[{"href":"https:\/\/all-pets.de\/shop\/wp-json\/wp\/v2\/product\/46131","targetHints":{"allow":["GET"]}}],"collection":[{"href":"https:\/\/all-pets.de\/shop\/wp-json\/wp\/v2\/product"}],"about":[{"href":"https:\/\/all-pets.de\/shop\/wp-json\/wp\/v2\/types\/product"}],"replies":[{"embeddable":true,"href":"https:\/\/all-pets.de\/shop\/wp-json\/wp\/v2\/comments?post=46131"}],"wp:featuredmedia":[{"embeddable":true,"href":"https:\/\/all-pets.de\/shop\/wp-json\/wp\/v2\/media\/27148"}],"wp:attachment":[{"href":"https:\/\/all-pets.de\/shop\/wp-json\/wp\/v2\/media?parent=46131"}],"wp:term":[{"taxonomy":"product_cat","embeddable":true,"href":"https:\/\/all-pets.de\/shop\/wp-json\/wp\/v2\/product_cat?post=46131"},{"taxonomy":"product_tag","embeddable":true,"href":"https:\/\/all-pets.de\/shop\/wp-json\/wp\/v2\/product_tag?post=46131"}],"curies":[{"name":"wp","href":"https:\/\/api.w.org\/{rel}","templated":true}]}}