{"id":46132,"date":"2023-12-12T10:50:58","date_gmt":"2023-12-12T09:50:58","guid":{"rendered":"https:\/\/pet-shopping.de\/shop\/produkt\/trixie-haengematte-18-x-18-cm\/"},"modified":"2023-12-12T10:50:59","modified_gmt":"2023-12-12T09:50:59","slug":"trixie-haengematte-18-x-18-cm","status":"publish","type":"product","link":"https:\/\/all-pets.de\/shop\/produkt\/trixie-haengematte-18-x-18-cm\/","title":{"rendered":"Trixie H\u00e4ngematte &#8211; 18 x 18 cm"},"content":{"rendered":"<p>H\u00e4ngematten sind f\u00fcr kletterfreudige Nager eine tolle Erg\u00e4nzung zur K\u00e4figausstattung. Die H\u00e4ngematte wird einfach mithilfe der vier vormontierten Haken im K\u00e4figgitter eingehangen und schon dient sie als gem\u00fctlicher Schlafplatz, Klettergelegenheit und R\u00fcckzugsm\u00f6glichkeit. <\/p>\n<p>Die H\u00e4ngematte besteht von der einen Seite aus Nylon, von der anderen Seite ist sie mit einem kuscheligen Stoff in Lammfelloptik best\u00fcckt und wird so zu einem weichen Pl\u00e4tzchen zum Entspannen und Ausruhen. Die H\u00e4ngematte kann bei 30\u00b0 C per Handw\u00e4sche gereinigt werden.<\/p>\n<p>Diese H\u00e4ngematte mit einer Gr\u00f6\u00dfe von ca. 18 x 18 cm eignet sich z.B. f\u00fcr Hamster und M\u00e4use.<\/p>\n<p>Das Bild zeigt nur ein Farbbeispiel! Eine Farbwahl ist leider nicht m\u00f6glich, da diese je nach Lagerbestand gew\u00e4hlt wird.<\/p>\n","protected":false},"excerpt":{"rendered":"<p>H\u00e4ngematten sind f\u00fcr kletterfreudige Nager eine tolle Erg\u00e4nzung zur K\u00e4figausstattung. Die H\u00e4ngematte wird einfach mithilfe der vier vormontierten Haken im K\u00e4figgitter eingehangen und schon dient sie als gem\u00fctlicher Schlafplatz, Klettergelegenheit und R\u00fcckzugsm\u00f6glichkeit. Die H\u00e4ngematte besteht von der einen Seite aus Nylon, von der anderen Seite ist sie mit einem kuscheligen Stoff in Lammfelloptik best\u00fcckt und [&hellip;]<\/p>\n","protected":false},"featured_media":46133,"comment_status":"closed","ping_status":"open","template":"","meta":[],"product_cat":[13841],"product_tag":[],"class_list":{"0":"post-46132","1":"product","2":"type-product","3":"status-publish","4":"has-post-thumbnail","6":"product_cat-betten-haengematten","8":"first","9":"instock","10":"taxable","11":"shipping-taxable","12":"purchasable","13":"product-type-simple"},"_links":{"self":[{"href":"https:\/\/all-pets.de\/shop\/wp-json\/wp\/v2\/product\/46132","targetHints":{"allow":["GET"]}}],"collection":[{"href":"https:\/\/all-pets.de\/shop\/wp-json\/wp\/v2\/product"}],"about":[{"href":"https:\/\/all-pets.de\/shop\/wp-json\/wp\/v2\/types\/product"}],"replies":[{"embeddable":true,"href":"https:\/\/all-pets.de\/shop\/wp-json\/wp\/v2\/comments?post=46132"}],"wp:featuredmedia":[{"embeddable":true,"href":"https:\/\/all-pets.de\/shop\/wp-json\/wp\/v2\/media\/46133"}],"wp:attachment":[{"href":"https:\/\/all-pets.de\/shop\/wp-json\/wp\/v2\/media?parent=46132"}],"wp:term":[{"taxonomy":"product_cat","embeddable":true,"href":"https:\/\/all-pets.de\/shop\/wp-json\/wp\/v2\/product_cat?post=46132"},{"taxonomy":"product_tag","embeddable":true,"href":"https:\/\/all-pets.de\/shop\/wp-json\/wp\/v2\/product_tag?post=46132"}],"curies":[{"name":"wp","href":"https:\/\/api.w.org\/{rel}","templated":true}]}}