{"id":46140,"date":"2023-12-12T10:50:58","date_gmt":"2023-12-12T09:50:58","guid":{"rendered":"https:\/\/pet-shopping.de\/shop\/produkt\/trixie-hamsterkuschelbett-ca-16-x-13-cm\/"},"modified":"2023-12-12T10:51:01","modified_gmt":"2023-12-12T09:51:01","slug":"trixie-hamsterkuschelbett-ca-16-x-13-cm","status":"publish","type":"product","link":"https:\/\/all-pets.de\/shop\/produkt\/trixie-hamsterkuschelbett-ca-16-x-13-cm\/","title":{"rendered":"Trixie Hamsterkuschelbett &#8211; ca. 16 x 13 cm"},"content":{"rendered":"<p>F\u00fcr alle kuschelbed\u00fcrftigen Kleintiere ist das Kuschelbett genau das Richtige. Die Unterseite besteht aus blauem Nylonmaterial, der Innenraum ist komplett mit kuscheligem Lammfell-Imitat ausgestattet. Im Sommer kann das Bett einfach gewendet werden, damit das Tier auf dem k\u00fchleren Nylonmaterial sitzen kann. <br \/> Das Bett besitzt eine Polyestervliesf\u00fcllung, der Bezug besteht aus Polyester. Das Bett kann bei 30\u00b0C per Handw\u00e4sche gereinigt werden.<\/p>\n<p>Au\u00dfenma\u00dfe: ca. 16 x 13 x 3,5 cm (BxTxH)<br \/> Liegefl\u00e4che: ca. 8,5 x 6,5 cm <br \/>Diverse Farben. Eine Farbwahl ist leider nicht m\u00f6glich, da diese je nach Lagerbestand gew\u00e4hlt wird.<\/p>\n<p>Diese Gr\u00f6\u00dfe eignet sich z.B. f\u00fcr M\u00e4use und Hamster.<\/p>\n","protected":false},"excerpt":{"rendered":"<p>F\u00fcr alle kuschelbed\u00fcrftigen Kleintiere ist das Kuschelbett genau das Richtige. Die Unterseite besteht aus blauem Nylonmaterial, der Innenraum ist komplett mit kuscheligem Lammfell-Imitat ausgestattet. Im Sommer kann das Bett einfach gewendet werden, damit das Tier auf dem k\u00fchleren Nylonmaterial sitzen kann. Das Bett besitzt eine Polyestervliesf\u00fcllung, der Bezug besteht aus Polyester. Das Bett kann bei [&hellip;]<\/p>\n","protected":false},"featured_media":46141,"comment_status":"closed","ping_status":"open","template":"","meta":[],"product_cat":[13841],"product_tag":[],"class_list":{"0":"post-46140","1":"product","2":"type-product","3":"status-publish","4":"has-post-thumbnail","6":"product_cat-betten-haengematten","8":"first","9":"instock","10":"taxable","11":"shipping-taxable","12":"purchasable","13":"product-type-simple"},"_links":{"self":[{"href":"https:\/\/all-pets.de\/shop\/wp-json\/wp\/v2\/product\/46140","targetHints":{"allow":["GET"]}}],"collection":[{"href":"https:\/\/all-pets.de\/shop\/wp-json\/wp\/v2\/product"}],"about":[{"href":"https:\/\/all-pets.de\/shop\/wp-json\/wp\/v2\/types\/product"}],"replies":[{"embeddable":true,"href":"https:\/\/all-pets.de\/shop\/wp-json\/wp\/v2\/comments?post=46140"}],"wp:featuredmedia":[{"embeddable":true,"href":"https:\/\/all-pets.de\/shop\/wp-json\/wp\/v2\/media\/46141"}],"wp:attachment":[{"href":"https:\/\/all-pets.de\/shop\/wp-json\/wp\/v2\/media?parent=46140"}],"wp:term":[{"taxonomy":"product_cat","embeddable":true,"href":"https:\/\/all-pets.de\/shop\/wp-json\/wp\/v2\/product_cat?post=46140"},{"taxonomy":"product_tag","embeddable":true,"href":"https:\/\/all-pets.de\/shop\/wp-json\/wp\/v2\/product_tag?post=46140"}],"curies":[{"name":"wp","href":"https:\/\/api.w.org\/{rel}","templated":true}]}}