{"id":46147,"date":"2023-12-12T10:50:58","date_gmt":"2023-12-12T09:50:58","guid":{"rendered":"https:\/\/pet-shopping.de\/shop\/produkt\/trixie-haengebruecke-fuer-kleinnager\/"},"modified":"2023-12-12T10:51:02","modified_gmt":"2023-12-12T09:51:02","slug":"trixie-haengebruecke-fuer-kleinnager","status":"publish","type":"product","link":"https:\/\/all-pets.de\/shop\/produkt\/trixie-haengebruecke-fuer-kleinnager\/","title":{"rendered":"Trixie H\u00e4ngebr\u00fccke f\u00fcr Kleinnager"},"content":{"rendered":"<p>Klettern ist die Leidenschaft der meisten Kleinnager, wie Hamster und M\u00e4use. Diese H\u00e4ngebr\u00fccke bietet eine tolle Gelegenheit diesem Hobby nachzugehen. <\/p>\n<p>Das Ger\u00fcst besteht aus einer 6-sprossigen Holzleiter, die mit vier Haken best\u00fcckt ist. Mit diesen Haken wird die Leiter einfach im K\u00e4figgitter eingehangen und schon kann losgeklettert werden. An den Leitersprossen sind eine 3-sprossige Strickleiter, ein Baumwoll-Spieltau und ein Baumwollring mit Holzblock befestigt, an denen nach Herzenslust herumgeklettert werden kann. Da schl\u00e4gt jedes Hamsterherz h\u00f6her!<\/p>\n<p>Die H\u00e4ngebr\u00fccke ist komplett vormontiert und muss nur noch eingehangen werden.<\/p>\n<p>Gesamtma\u00dfe: ca. 29 x 25 x 9 cm (LxHxB)<\/p>\n<p>Die Farben der bunten Elemente k\u00f6nnen von der Abbildung abweichen.<\/p>\n","protected":false},"excerpt":{"rendered":"<p>Klettern ist die Leidenschaft der meisten Kleinnager, wie Hamster und M\u00e4use. Diese H\u00e4ngebr\u00fccke bietet eine tolle Gelegenheit diesem Hobby nachzugehen. Das Ger\u00fcst besteht aus einer 6-sprossigen Holzleiter, die mit vier Haken best\u00fcckt ist. Mit diesen Haken wird die Leiter einfach im K\u00e4figgitter eingehangen und schon kann losgeklettert werden. An den Leitersprossen sind eine 3-sprossige Strickleiter, [&hellip;]<\/p>\n","protected":false},"featured_media":27195,"comment_status":"closed","ping_status":"open","template":"","meta":[],"product_cat":[14305],"product_tag":[],"class_list":{"0":"post-46147","1":"product","2":"type-product","3":"status-publish","4":"has-post-thumbnail","6":"product_cat-tunnel-hoehlen-bruecken-ausstattung-zubehoer-spiel-sportkleintierwelt-ausstattung-zubehoer-kleintierwelt","8":"first","9":"instock","10":"taxable","11":"shipping-taxable","12":"purchasable","13":"product-type-simple"},"_links":{"self":[{"href":"https:\/\/all-pets.de\/shop\/wp-json\/wp\/v2\/product\/46147","targetHints":{"allow":["GET"]}}],"collection":[{"href":"https:\/\/all-pets.de\/shop\/wp-json\/wp\/v2\/product"}],"about":[{"href":"https:\/\/all-pets.de\/shop\/wp-json\/wp\/v2\/types\/product"}],"replies":[{"embeddable":true,"href":"https:\/\/all-pets.de\/shop\/wp-json\/wp\/v2\/comments?post=46147"}],"wp:featuredmedia":[{"embeddable":true,"href":"https:\/\/all-pets.de\/shop\/wp-json\/wp\/v2\/media\/27195"}],"wp:attachment":[{"href":"https:\/\/all-pets.de\/shop\/wp-json\/wp\/v2\/media?parent=46147"}],"wp:term":[{"taxonomy":"product_cat","embeddable":true,"href":"https:\/\/all-pets.de\/shop\/wp-json\/wp\/v2\/product_cat?post=46147"},{"taxonomy":"product_tag","embeddable":true,"href":"https:\/\/all-pets.de\/shop\/wp-json\/wp\/v2\/product_tag?post=46147"}],"curies":[{"name":"wp","href":"https:\/\/api.w.org\/{rel}","templated":true}]}}