{"id":46148,"date":"2023-12-12T10:50:58","date_gmt":"2023-12-12T09:50:58","guid":{"rendered":"https:\/\/pet-shopping.de\/shop\/produkt\/trixie-snacky-snackball-fuer-kleintiere\/"},"modified":"2023-12-12T10:51:02","modified_gmt":"2023-12-12T09:51:02","slug":"trixie-snacky-snackball-fuer-kleintiere","status":"publish","type":"product","link":"https:\/\/all-pets.de\/shop\/produkt\/trixie-snacky-snackball-fuer-kleintiere\/","title":{"rendered":"Trixie Snacky Snackball f\u00fcr Kleintiere"},"content":{"rendered":"<p>Der Snackball f\u00fcr Kleintiere, wie Kaninchen, besteht aus Kunststoff und l\u00e4sst durch Rollbewegungen Snacks herausfallen, die vorher durch die \u00d6ffnung eingef\u00fcllt werden k\u00f6nnen. <\/p>\n<p>Der Ball schult die Geschicklichkeit und verf\u00fcgt \u00fcber eine verstellbare \u00d6ffnung, mit der die Leckerlieausgabe reguliert werden kann.<\/p>\n<p>Durchmesser: ca. 7 cm<\/p>\n<p>Diverse Farben. Eine Farbwahl ist leider nicht m\u00f6glich, da die Farbe je nach Lagerbestand gew\u00e4hlt wird.<\/p>\n","protected":false},"excerpt":{"rendered":"<p>Der Snackball f\u00fcr Kleintiere, wie Kaninchen, besteht aus Kunststoff und l\u00e4sst durch Rollbewegungen Snacks herausfallen, die vorher durch die \u00d6ffnung eingef\u00fcllt werden k\u00f6nnen. Der Ball schult die Geschicklichkeit und verf\u00fcgt \u00fcber eine verstellbare \u00d6ffnung, mit der die Leckerlieausgabe reguliert werden kann. Durchmesser: ca. 7 cm Diverse Farben. Eine Farbwahl ist leider nicht m\u00f6glich, da die [&hellip;]<\/p>\n","protected":false},"featured_media":27197,"comment_status":"closed","ping_status":"open","template":"","meta":[],"product_cat":[13745],"product_tag":[],"class_list":{"0":"post-46148","1":"product","2":"type-product","3":"status-publish","4":"has-post-thumbnail","6":"product_cat-spiel-sport","8":"first","9":"instock","10":"taxable","11":"shipping-taxable","12":"purchasable","13":"product-type-simple"},"_links":{"self":[{"href":"https:\/\/all-pets.de\/shop\/wp-json\/wp\/v2\/product\/46148","targetHints":{"allow":["GET"]}}],"collection":[{"href":"https:\/\/all-pets.de\/shop\/wp-json\/wp\/v2\/product"}],"about":[{"href":"https:\/\/all-pets.de\/shop\/wp-json\/wp\/v2\/types\/product"}],"replies":[{"embeddable":true,"href":"https:\/\/all-pets.de\/shop\/wp-json\/wp\/v2\/comments?post=46148"}],"wp:featuredmedia":[{"embeddable":true,"href":"https:\/\/all-pets.de\/shop\/wp-json\/wp\/v2\/media\/27197"}],"wp:attachment":[{"href":"https:\/\/all-pets.de\/shop\/wp-json\/wp\/v2\/media?parent=46148"}],"wp:term":[{"taxonomy":"product_cat","embeddable":true,"href":"https:\/\/all-pets.de\/shop\/wp-json\/wp\/v2\/product_cat?post=46148"},{"taxonomy":"product_tag","embeddable":true,"href":"https:\/\/all-pets.de\/shop\/wp-json\/wp\/v2\/product_tag?post=46148"}],"curies":[{"name":"wp","href":"https:\/\/api.w.org\/{rel}","templated":true}]}}