{"id":46149,"date":"2023-12-12T10:50:58","date_gmt":"2023-12-12T09:50:58","guid":{"rendered":"https:\/\/pet-shopping.de\/shop\/produkt\/trixie-kuschelhoehle-fuer-hamster\/"},"modified":"2023-12-12T10:51:02","modified_gmt":"2023-12-12T09:51:02","slug":"trixie-kuschelhoehle-fuer-hamster","status":"publish","type":"product","link":"https:\/\/all-pets.de\/shop\/produkt\/trixie-kuschelhoehle-fuer-hamster\/","title":{"rendered":"Trixie Kuschelh\u00f6hle f\u00fcr Hamster"},"content":{"rendered":"<div class=\"mb-3 row\">\n<div class=\"col\">\n<div class=\"description\">\n<ul>\n<li>Baumwolle\/Lammfell-Optik (Polyester)<\/li>\n<li>zum Einh\u00e4ngen<\/li>\n<li>diverse Farben(Eine Farbwahl ist leider nicht m\u00f6glich, da die Farbe je nach Lagerbestand gew\u00e4hlt wird.)<\/li>\n<li>per Handw\u00e4sche zu reinigen<\/li>\n<li>Ma\u00dfe: ca. 9 \u00d7 12 \u00d7 16 cm<\/li>\n<li>geeignet z.B. f\u00fcr M\u00e4use, Hamster<\/li>\n<\/ul>\n<\/div>\n<\/div>\n<\/div>\n","protected":false},"excerpt":{"rendered":"<p>Baumwolle\/Lammfell-Optik (Polyester) zum Einh\u00e4ngen diverse Farben(Eine Farbwahl ist leider nicht m\u00f6glich, da die Farbe je nach Lagerbestand gew\u00e4hlt wird.) per Handw\u00e4sche zu reinigen Ma\u00dfe: ca. 9 \u00d7 12 \u00d7 16 cm geeignet z.B. f\u00fcr M\u00e4use, Hamster<\/p>\n","protected":false},"featured_media":46150,"comment_status":"closed","ping_status":"open","template":"","meta":[],"product_cat":[14306],"product_tag":[],"class_list":{"0":"post-46149","1":"product","2":"type-product","3":"status-publish","4":"has-post-thumbnail","6":"product_cat-tunnel-hoehlen-bruecken-ausstattung-zubehoer-betten-haengemattenkleintierwelt","8":"first","9":"instock","10":"taxable","11":"shipping-taxable","12":"purchasable","13":"product-type-simple"},"_links":{"self":[{"href":"https:\/\/all-pets.de\/shop\/wp-json\/wp\/v2\/product\/46149","targetHints":{"allow":["GET"]}}],"collection":[{"href":"https:\/\/all-pets.de\/shop\/wp-json\/wp\/v2\/product"}],"about":[{"href":"https:\/\/all-pets.de\/shop\/wp-json\/wp\/v2\/types\/product"}],"replies":[{"embeddable":true,"href":"https:\/\/all-pets.de\/shop\/wp-json\/wp\/v2\/comments?post=46149"}],"wp:featuredmedia":[{"embeddable":true,"href":"https:\/\/all-pets.de\/shop\/wp-json\/wp\/v2\/media\/46150"}],"wp:attachment":[{"href":"https:\/\/all-pets.de\/shop\/wp-json\/wp\/v2\/media?parent=46149"}],"wp:term":[{"taxonomy":"product_cat","embeddable":true,"href":"https:\/\/all-pets.de\/shop\/wp-json\/wp\/v2\/product_cat?post=46149"},{"taxonomy":"product_tag","embeddable":true,"href":"https:\/\/all-pets.de\/shop\/wp-json\/wp\/v2\/product_tag?post=46149"}],"curies":[{"name":"wp","href":"https:\/\/api.w.org\/{rel}","templated":true}]}}