{"id":46153,"date":"2023-12-12T10:50:58","date_gmt":"2023-12-12T09:50:58","guid":{"rendered":"https:\/\/pet-shopping.de\/shop\/produkt\/trixie-spieltunnel-fuer-kaninchen\/"},"modified":"2023-12-12T10:51:03","modified_gmt":"2023-12-12T09:51:03","slug":"trixie-spieltunnel-fuer-kaninchen","status":"publish","type":"product","link":"https:\/\/all-pets.de\/shop\/produkt\/trixie-spieltunnel-fuer-kaninchen\/","title":{"rendered":"Trixie Spieltunnel f\u00fcr Kaninchen"},"content":{"rendered":"<p>Der Spieltunnel eignet sich f\u00fcr Kaninchen, Meerschweinchen und Kleinnager. Er kann sowohl drinnen, als auch drau\u00dfen verwendet werden und bietet in jedem Fall jede Menge Spielspa\u00df!<\/p>\n<p>Der Tunnel stellt einen idealen Platz zum Zur\u00fcckziehen und Entspannen dar. Mithilfe von Schlaufen am Tunnel, k\u00f6nnen Sie diesen bei Bedarf auch fixieren.Durchmesser des <\/p>\n<p>Tunnels: ca. 18 cm<br \/> L\u00e4nge: ca. 130 cm<\/p>\n<p>Diverse Farben. Eine Farbwahl ist leider nicht m\u00f6glich, da die Farbe je nach Lagerbestand gew\u00e4hlt wird.<\/p>\n","protected":false},"excerpt":{"rendered":"<p>Der Spieltunnel eignet sich f\u00fcr Kaninchen, Meerschweinchen und Kleinnager. Er kann sowohl drinnen, als auch drau\u00dfen verwendet werden und bietet in jedem Fall jede Menge Spielspa\u00df! Der Tunnel stellt einen idealen Platz zum Zur\u00fcckziehen und Entspannen dar. Mithilfe von Schlaufen am Tunnel, k\u00f6nnen Sie diesen bei Bedarf auch fixieren.Durchmesser des Tunnels: ca. 18 cm L\u00e4nge: [&hellip;]<\/p>\n","protected":false},"featured_media":27201,"comment_status":"closed","ping_status":"open","template":"","meta":[],"product_cat":[14305],"product_tag":[],"class_list":{"0":"post-46153","1":"product","2":"type-product","3":"status-publish","4":"has-post-thumbnail","6":"product_cat-tunnel-hoehlen-bruecken-ausstattung-zubehoer-spiel-sportkleintierwelt-ausstattung-zubehoer-kleintierwelt","8":"first","9":"instock","10":"taxable","11":"shipping-taxable","12":"purchasable","13":"product-type-simple"},"_links":{"self":[{"href":"https:\/\/all-pets.de\/shop\/wp-json\/wp\/v2\/product\/46153","targetHints":{"allow":["GET"]}}],"collection":[{"href":"https:\/\/all-pets.de\/shop\/wp-json\/wp\/v2\/product"}],"about":[{"href":"https:\/\/all-pets.de\/shop\/wp-json\/wp\/v2\/types\/product"}],"replies":[{"embeddable":true,"href":"https:\/\/all-pets.de\/shop\/wp-json\/wp\/v2\/comments?post=46153"}],"wp:featuredmedia":[{"embeddable":true,"href":"https:\/\/all-pets.de\/shop\/wp-json\/wp\/v2\/media\/27201"}],"wp:attachment":[{"href":"https:\/\/all-pets.de\/shop\/wp-json\/wp\/v2\/media?parent=46153"}],"wp:term":[{"taxonomy":"product_cat","embeddable":true,"href":"https:\/\/all-pets.de\/shop\/wp-json\/wp\/v2\/product_cat?post=46153"},{"taxonomy":"product_tag","embeddable":true,"href":"https:\/\/all-pets.de\/shop\/wp-json\/wp\/v2\/product_tag?post=46153"}],"curies":[{"name":"wp","href":"https:\/\/api.w.org\/{rel}","templated":true}]}}