{"id":46154,"date":"2023-12-12T10:50:58","date_gmt":"2023-12-12T09:50:58","guid":{"rendered":"https:\/\/pet-shopping.de\/shop\/produkt\/trixie-kuscheltunnel-fuer-kleintiere-15-x-35-cm\/"},"modified":"2023-12-12T10:51:03","modified_gmt":"2023-12-12T09:51:03","slug":"trixie-kuscheltunnel-fuer-kleintiere-15-x-35-cm","status":"publish","type":"product","link":"https:\/\/all-pets.de\/shop\/produkt\/trixie-kuscheltunnel-fuer-kleintiere-15-x-35-cm\/","title":{"rendered":"Trixie Kuscheltunnel f\u00fcr Kleintiere &#8211; 15 x 35 cm"},"content":{"rendered":"<p>Der Kuscheltunnel eignet sich f\u00fcr Meerschweinchen und kleinere Tiere und l\u00e4dt zum Spielen und Verstecken ein.<\/p>\n<p>Er ist innen mit extra weichem Fleece ausgestattet und au\u00dfen mit strapazierf\u00e4higem Nylon in modernem Grau-Gr\u00fcn. Der Tunnel l\u00e4sst sich bei 30\u00b0C per Handw\u00e4sche reinigen.<\/p>\n<p>Au\u00dfenma\u00dfe: ca. 15 x 35 cm (Durchmesser x L\u00e4nge)<\/p>\n<p>Farbe: grau-gr\u00fcn<\/p>\n","protected":false},"excerpt":{"rendered":"<p>Der Kuscheltunnel eignet sich f\u00fcr Meerschweinchen und kleinere Tiere und l\u00e4dt zum Spielen und Verstecken ein. Er ist innen mit extra weichem Fleece ausgestattet und au\u00dfen mit strapazierf\u00e4higem Nylon in modernem Grau-Gr\u00fcn. Der Tunnel l\u00e4sst sich bei 30\u00b0C per Handw\u00e4sche reinigen. Au\u00dfenma\u00dfe: ca. 15 x 35 cm (Durchmesser x L\u00e4nge) Farbe: grau-gr\u00fcn<\/p>\n","protected":false},"featured_media":27207,"comment_status":"closed","ping_status":"open","template":"","meta":[],"product_cat":[13768],"product_tag":[],"class_list":{"0":"post-46154","1":"product","2":"type-product","3":"status-publish","4":"has-post-thumbnail","6":"product_cat-spiel-sport-ausstattung-zubehoer-tunnel-hoehlen-brueckenkleintierwelt","8":"first","9":"instock","10":"taxable","11":"shipping-taxable","12":"purchasable","13":"product-type-simple"},"_links":{"self":[{"href":"https:\/\/all-pets.de\/shop\/wp-json\/wp\/v2\/product\/46154","targetHints":{"allow":["GET"]}}],"collection":[{"href":"https:\/\/all-pets.de\/shop\/wp-json\/wp\/v2\/product"}],"about":[{"href":"https:\/\/all-pets.de\/shop\/wp-json\/wp\/v2\/types\/product"}],"replies":[{"embeddable":true,"href":"https:\/\/all-pets.de\/shop\/wp-json\/wp\/v2\/comments?post=46154"}],"wp:featuredmedia":[{"embeddable":true,"href":"https:\/\/all-pets.de\/shop\/wp-json\/wp\/v2\/media\/27207"}],"wp:attachment":[{"href":"https:\/\/all-pets.de\/shop\/wp-json\/wp\/v2\/media?parent=46154"}],"wp:term":[{"taxonomy":"product_cat","embeddable":true,"href":"https:\/\/all-pets.de\/shop\/wp-json\/wp\/v2\/product_cat?post=46154"},{"taxonomy":"product_tag","embeddable":true,"href":"https:\/\/all-pets.de\/shop\/wp-json\/wp\/v2\/product_tag?post=46154"}],"curies":[{"name":"wp","href":"https:\/\/api.w.org\/{rel}","templated":true}]}}