{"id":46156,"date":"2023-12-12T10:51:04","date_gmt":"2023-12-12T09:51:04","guid":{"rendered":"https:\/\/pet-shopping.de\/shop\/produkt\/trixie-kleintier-striegel\/"},"modified":"2023-12-12T10:51:04","modified_gmt":"2023-12-12T09:51:04","slug":"trixie-kleintier-striegel","status":"publish","type":"product","link":"https:\/\/all-pets.de\/shop\/produkt\/trixie-kleintier-striegel\/","title":{"rendered":"Trixie Kleintier-Striegel"},"content":{"rendered":"<p>Fellpflege ist bei Tieren sehr wichtig. Daher ist es empfehlenswert, das Fell mindestens einmal w\u00f6chentlich zu k\u00e4mmen oder zu b\u00fcrsten. Das B\u00fcrsten des Fells dient nicht nur zu dessen Pflege, es regt auch die Durchblutung der Haut an und sorgt so f\u00fcr ein sch\u00f6nes, gl\u00e4nzendes Fell. Au\u00dferdem kann man z.B. auf Wunden, Zecken oder andere Parasiten aufmerksam werden.<\/p>\n<p>Dieser Striegel aus Kunststoff mit Nylonborsten f\u00fcr Kleintiere, wie Kaninchen und Meerschweinchen dient der schonenden Pflege von Deckhaar und Unterwolle und befreit das Fell von abgestorbenen Haaren. F\u00fcr alle Felltypen geeignet.<\/p>\n<p>Ma\u00dfe: ca. 10 x 6 cm <\/p>\n<p>Diverse Farben. Eine Farbwahl ist leider nicht m\u00f6glich, da die Farbe je nach Lagerbestand gew\u00e4hlt wird.<\/p>\n","protected":false},"excerpt":{"rendered":"<p>Fellpflege ist bei Tieren sehr wichtig. Daher ist es empfehlenswert, das Fell mindestens einmal w\u00f6chentlich zu k\u00e4mmen oder zu b\u00fcrsten. Das B\u00fcrsten des Fells dient nicht nur zu dessen Pflege, es regt auch die Durchblutung der Haut an und sorgt so f\u00fcr ein sch\u00f6nes, gl\u00e4nzendes Fell. Au\u00dferdem kann man z.B. auf Wunden, Zecken oder andere [&hellip;]<\/p>\n","protected":false},"featured_media":27220,"comment_status":"closed","ping_status":"open","template":"","meta":[],"product_cat":[13706],"product_tag":[],"class_list":{"0":"post-46156","1":"product","2":"type-product","3":"status-publish","4":"has-post-thumbnail","6":"product_cat-fellpflege","8":"first","9":"instock","10":"taxable","11":"shipping-taxable","12":"purchasable","13":"product-type-simple"},"_links":{"self":[{"href":"https:\/\/all-pets.de\/shop\/wp-json\/wp\/v2\/product\/46156","targetHints":{"allow":["GET"]}}],"collection":[{"href":"https:\/\/all-pets.de\/shop\/wp-json\/wp\/v2\/product"}],"about":[{"href":"https:\/\/all-pets.de\/shop\/wp-json\/wp\/v2\/types\/product"}],"replies":[{"embeddable":true,"href":"https:\/\/all-pets.de\/shop\/wp-json\/wp\/v2\/comments?post=46156"}],"wp:featuredmedia":[{"embeddable":true,"href":"https:\/\/all-pets.de\/shop\/wp-json\/wp\/v2\/media\/27220"}],"wp:attachment":[{"href":"https:\/\/all-pets.de\/shop\/wp-json\/wp\/v2\/media?parent=46156"}],"wp:term":[{"taxonomy":"product_cat","embeddable":true,"href":"https:\/\/all-pets.de\/shop\/wp-json\/wp\/v2\/product_cat?post=46156"},{"taxonomy":"product_tag","embeddable":true,"href":"https:\/\/all-pets.de\/shop\/wp-json\/wp\/v2\/product_tag?post=46156"}],"curies":[{"name":"wp","href":"https:\/\/api.w.org\/{rel}","templated":true}]}}