{"id":46157,"date":"2023-12-12T10:51:04","date_gmt":"2023-12-12T09:51:04","guid":{"rendered":"https:\/\/pet-shopping.de\/shop\/produkt\/trixie-massagestriegel-mit-handschlaufe\/"},"modified":"2023-12-12T10:51:05","modified_gmt":"2023-12-12T09:51:05","slug":"trixie-massagestriegel-mit-handschlaufe","status":"publish","type":"product","link":"https:\/\/all-pets.de\/shop\/produkt\/trixie-massagestriegel-mit-handschlaufe\/","title":{"rendered":"Trixie Massagestriegel mit Handschlaufe"},"content":{"rendered":"<p>Dieser Massage-Striegel des Herstellers Trixie ist auf der R\u00fcckseite mit einer Handschlaufe versehen. Dies macht die Handhabung besonders einfach.<\/p>\n<p>Der Massage-Striegel besteht aus Gummi und befreit das Fell zuverl\u00e4ssig von abgestorbenen Haaren und Schmutz. Au\u00dferdem wird durch die ausgiebige Massage die Durchblutung gef\u00f6rdert und dem Fell ein seidiger Glanz verliehen. Durch die Flexibilit\u00e4t der B\u00fcrste pflegt sie schonend auch empfindliche K\u00f6rperbereiche.<\/p>\n<p>Gr\u00f6\u00dfe: ca. 12 x 7 cm<\/p>\n<p>Farbe kann von der Abbildung abweichen. <\/p>\n<p><\/p>\n","protected":false},"excerpt":{"rendered":"<p>Dieser Massage-Striegel des Herstellers Trixie ist auf der R\u00fcckseite mit einer Handschlaufe versehen. Dies macht die Handhabung besonders einfach. Der Massage-Striegel besteht aus Gummi und befreit das Fell zuverl\u00e4ssig von abgestorbenen Haaren und Schmutz. Au\u00dferdem wird durch die ausgiebige Massage die Durchblutung gef\u00f6rdert und dem Fell ein seidiger Glanz verliehen. Durch die Flexibilit\u00e4t der B\u00fcrste [&hellip;]<\/p>\n","protected":false},"featured_media":27223,"comment_status":"closed","ping_status":"open","template":"","meta":[],"product_cat":[13706],"product_tag":[],"class_list":{"0":"post-46157","1":"product","2":"type-product","3":"status-publish","4":"has-post-thumbnail","6":"product_cat-fellpflege","8":"first","9":"instock","10":"taxable","11":"shipping-taxable","12":"purchasable","13":"product-type-simple"},"_links":{"self":[{"href":"https:\/\/all-pets.de\/shop\/wp-json\/wp\/v2\/product\/46157","targetHints":{"allow":["GET"]}}],"collection":[{"href":"https:\/\/all-pets.de\/shop\/wp-json\/wp\/v2\/product"}],"about":[{"href":"https:\/\/all-pets.de\/shop\/wp-json\/wp\/v2\/types\/product"}],"replies":[{"embeddable":true,"href":"https:\/\/all-pets.de\/shop\/wp-json\/wp\/v2\/comments?post=46157"}],"wp:featuredmedia":[{"embeddable":true,"href":"https:\/\/all-pets.de\/shop\/wp-json\/wp\/v2\/media\/27223"}],"wp:attachment":[{"href":"https:\/\/all-pets.de\/shop\/wp-json\/wp\/v2\/media?parent=46157"}],"wp:term":[{"taxonomy":"product_cat","embeddable":true,"href":"https:\/\/all-pets.de\/shop\/wp-json\/wp\/v2\/product_cat?post=46157"},{"taxonomy":"product_tag","embeddable":true,"href":"https:\/\/all-pets.de\/shop\/wp-json\/wp\/v2\/product_tag?post=46157"}],"curies":[{"name":"wp","href":"https:\/\/api.w.org\/{rel}","templated":true}]}}