{"id":46158,"date":"2023-12-12T10:51:04","date_gmt":"2023-12-12T09:51:04","guid":{"rendered":"https:\/\/pet-shopping.de\/shop\/produkt\/trixie-haengebruecke-mit-haengematte\/"},"modified":"2023-12-12T10:51:05","modified_gmt":"2023-12-12T09:51:05","slug":"trixie-haengebruecke-mit-haengematte","status":"publish","type":"product","link":"https:\/\/all-pets.de\/shop\/produkt\/trixie-haengebruecke-mit-haengematte\/","title":{"rendered":"Trixie H\u00e4ngebr\u00fccke mit H\u00e4ngematte"},"content":{"rendered":"<p>Diese H\u00e4ngebr\u00fccke zum Einh\u00e4ngen ins K\u00e4figgitter bietet Ihrem Kleinnager ein richtiges Kletter- und Kuschelparadies. <\/p>\n<p>Mit einer Holzleiter, einer H\u00e4ngematte mit Nylon-\/Lammfell-Optik (Polyester), einer Strickleiter und einem Tauring mit Holzklotz bleiben keine Nagerw\u00fcnsche unerf\u00fcllt.<\/p>\n<p>Die H\u00e4ngebr\u00fccke eignet sich z.B. f\u00fcr M\u00e4use und Hamster.<\/p>\n<p>Ma\u00dfe: ca. 17 x 22 x 15 cm<\/p>\n","protected":false},"excerpt":{"rendered":"<p>Diese H\u00e4ngebr\u00fccke zum Einh\u00e4ngen ins K\u00e4figgitter bietet Ihrem Kleinnager ein richtiges Kletter- und Kuschelparadies. Mit einer Holzleiter, einer H\u00e4ngematte mit Nylon-\/Lammfell-Optik (Polyester), einer Strickleiter und einem Tauring mit Holzklotz bleiben keine Nagerw\u00fcnsche unerf\u00fcllt. Die H\u00e4ngebr\u00fccke eignet sich z.B. f\u00fcr M\u00e4use und Hamster. Ma\u00dfe: ca. 17 x 22 x 15 cm<\/p>\n","protected":false},"featured_media":46159,"comment_status":"closed","ping_status":"open","template":"","meta":[],"product_cat":[14309],"product_tag":[],"class_list":{"0":"post-46158","1":"product","2":"type-product","3":"status-publish","4":"has-post-thumbnail","6":"product_cat-betten-haengematten-ausstattung-zubehoer-tunnel-hoehlen-brueckenkleintierwelt-ausstattung-zubehoer-spiel-sportkleintierwelt-ausstattung-zubehoer-kleintierwelt","8":"first","9":"instock","10":"taxable","11":"shipping-taxable","12":"purchasable","13":"product-type-simple"},"_links":{"self":[{"href":"https:\/\/all-pets.de\/shop\/wp-json\/wp\/v2\/product\/46158","targetHints":{"allow":["GET"]}}],"collection":[{"href":"https:\/\/all-pets.de\/shop\/wp-json\/wp\/v2\/product"}],"about":[{"href":"https:\/\/all-pets.de\/shop\/wp-json\/wp\/v2\/types\/product"}],"replies":[{"embeddable":true,"href":"https:\/\/all-pets.de\/shop\/wp-json\/wp\/v2\/comments?post=46158"}],"wp:featuredmedia":[{"embeddable":true,"href":"https:\/\/all-pets.de\/shop\/wp-json\/wp\/v2\/media\/46159"}],"wp:attachment":[{"href":"https:\/\/all-pets.de\/shop\/wp-json\/wp\/v2\/media?parent=46158"}],"wp:term":[{"taxonomy":"product_cat","embeddable":true,"href":"https:\/\/all-pets.de\/shop\/wp-json\/wp\/v2\/product_cat?post=46158"},{"taxonomy":"product_tag","embeddable":true,"href":"https:\/\/all-pets.de\/shop\/wp-json\/wp\/v2\/product_tag?post=46158"}],"curies":[{"name":"wp","href":"https:\/\/api.w.org\/{rel}","templated":true}]}}