{"id":46165,"date":"2023-12-12T10:51:04","date_gmt":"2023-12-12T09:51:04","guid":{"rendered":"https:\/\/pet-shopping.de\/shop\/produkt\/trixie-trolley-fuer-hunde-und-katzen\/"},"modified":"2023-12-12T10:51:06","modified_gmt":"2023-12-12T09:51:06","slug":"trixie-trolley-fuer-hunde-und-katzen","status":"publish","type":"product","link":"https:\/\/all-pets.de\/shop\/produkt\/trixie-trolley-fuer-hunde-und-katzen\/","title":{"rendered":"Trixie Trolley f\u00fcr Hunde und Katzen"},"content":{"rendered":"<p>Dieser Trolley ist der optimale Begleiter zum Transport Ihres Hundes oder Ihrer Katze, egal ob auf Reisen, im Bus oder in der Bahn. Er besteht aus strapazierf\u00e4higem Nylon, wodurch er zum Reinigen einfach ausgewischt werden kann. Der Trolley l\u00e4sst sich auch als Rucksack verwenden, oder am integrierten Tragegriff anheben. Durch die extra weich gepolsterten, stufenlos verstellbaren und anatomisch geformten Schultergurte ist der Tragekomfort in der Verwendung als Rucksack sehr hoch und der Sitz sicher. <\/p>\n<p>Der Boden des Trolley ist gepolstert, um dem Tier den Transport so angenehm wie m\u00f6glich zu gestalten. Praktische Zusatzf\u00e4cher erm\u00f6glichen die Mitnahme von Utensilien, wie Leckerlis, Trinkflasche etc. Die integrierte Kurzleine verhindert das Herausspringen w\u00e4hrend des Transports, die Netzeins\u00e4tze sorgen f\u00fcr eine gute Luftzirkulation. An der R\u00fcckseite des Trolleys sind Laschen vorhanden, die auch das Anschnallen im Auto erm\u00f6glichen. <\/p>\n<p>Der Trolley ist bis ca. 8 kg belastbar.<\/p>\n<p>Gesamtma\u00dfe: 36 x 50 x 27 cm<br \/> Farbe: Schwarz\/Grau<\/p>\n","protected":false},"excerpt":{"rendered":"<p>Dieser Trolley ist der optimale Begleiter zum Transport Ihres Hundes oder Ihrer Katze, egal ob auf Reisen, im Bus oder in der Bahn. Er besteht aus strapazierf\u00e4higem Nylon, wodurch er zum Reinigen einfach ausgewischt werden kann. Der Trolley l\u00e4sst sich auch als Rucksack verwenden, oder am integrierten Tragegriff anheben. Durch die extra weich gepolsterten, stufenlos [&hellip;]<\/p>\n","protected":false},"featured_media":27243,"comment_status":"closed","ping_status":"open","template":"","meta":[],"product_cat":[14316],"product_tag":[],"class_list":{"0":"post-46165","1":"product","2":"type-product","3":"status-publish","4":"has-post-thumbnail","6":"product_cat-trolleys-buggys","8":"first","9":"instock","10":"taxable","11":"shipping-taxable","12":"purchasable","13":"product-type-simple"},"_links":{"self":[{"href":"https:\/\/all-pets.de\/shop\/wp-json\/wp\/v2\/product\/46165","targetHints":{"allow":["GET"]}}],"collection":[{"href":"https:\/\/all-pets.de\/shop\/wp-json\/wp\/v2\/product"}],"about":[{"href":"https:\/\/all-pets.de\/shop\/wp-json\/wp\/v2\/types\/product"}],"replies":[{"embeddable":true,"href":"https:\/\/all-pets.de\/shop\/wp-json\/wp\/v2\/comments?post=46165"}],"wp:featuredmedia":[{"embeddable":true,"href":"https:\/\/all-pets.de\/shop\/wp-json\/wp\/v2\/media\/27243"}],"wp:attachment":[{"href":"https:\/\/all-pets.de\/shop\/wp-json\/wp\/v2\/media?parent=46165"}],"wp:term":[{"taxonomy":"product_cat","embeddable":true,"href":"https:\/\/all-pets.de\/shop\/wp-json\/wp\/v2\/product_cat?post=46165"},{"taxonomy":"product_tag","embeddable":true,"href":"https:\/\/all-pets.de\/shop\/wp-json\/wp\/v2\/product_tag?post=46165"}],"curies":[{"name":"wp","href":"https:\/\/api.w.org\/{rel}","templated":true}]}}